{"id":13,"date":"2021-02-26T14:36:18","date_gmt":"2021-02-26T14:36:18","guid":{"rendered":"http:\/\/laserenite.mg\/?page_id=13"},"modified":"2021-10-28T13:37:49","modified_gmt":"2021-10-28T13:37:49","slug":"la-dialyse","status":"publish","type":"page","link":"https:\/\/laserenite.mg\/?page_id=13","title":{"rendered":"Dialyse"},"content":{"rendered":"\t\t<div data-elementor-type=\"wp-page\" data-elementor-id=\"13\" class=\"elementor elementor-13\">\n\t\t\t\t\t\t<section class=\"elementor-section elementor-top-section elementor-element elementor-element-fb19469 elementor-section-boxed elementor-section-height-default elementor-section-height-default\" data-id=\"fb19469\" data-element_type=\"section\" data-e-type=\"section\">\n\t\t\t\t\t\t<div class=\"elementor-container elementor-column-gap-default\">\n\t\t\t\t\t<div class=\"elementor-column elementor-col-100 elementor-top-column elementor-element elementor-element-a58155b\" data-id=\"a58155b\" data-element_type=\"column\" data-e-type=\"column\">\n\t\t\t<div class=\"elementor-widget-wrap elementor-element-populated\">\n\t\t\t\t\t\t<div class=\"elementor-element elementor-element-a49be1f animated-slow elementor-invisible elementor-widget elementor-widget-heading\" data-id=\"a49be1f\" data-element_type=\"widget\" data-e-type=\"widget\" data-settings=\"{&quot;_animation&quot;:&quot;fadeInDown&quot;}\" data-widget_type=\"heading.default\">\n\t\t\t\t<div class=\"elementor-widget-container\">\n\t\t\t\t\t<h4 class=\"elementor-heading-title elementor-size-default\"><span style=\"white-space: normal\"><b>Une clinique de n\u00e9phrologique et de dialyse de qualit\u00e9<\/b><\/span><\/h4>\t\t\t\t<\/div>\n\t\t\t\t<\/div>\n\t\t\t\t\t<\/div>\n\t\t<\/div>\n\t\t\t\t\t<\/div>\n\t\t<\/section>\n\t\t\t\t<section class=\"elementor-section elementor-top-section elementor-element elementor-element-e7930c9 elementor-section-boxed elementor-section-height-default elementor-section-height-default\" data-id=\"e7930c9\" data-element_type=\"section\" data-e-type=\"section\">\n\t\t\t\t\t\t<div class=\"elementor-container elementor-column-gap-default\">\n\t\t\t\t\t<div class=\"elementor-column elementor-col-100 elementor-top-column elementor-element elementor-element-ed6aa20\" data-id=\"ed6aa20\" data-element_type=\"column\" data-e-type=\"column\">\n\t\t\t<div class=\"elementor-widget-wrap elementor-element-populated\">\n\t\t\t\t\t\t<div class=\"elementor-element elementor-element-8745551 elementor-widget elementor-widget-text-editor\" data-id=\"8745551\" data-element_type=\"widget\" data-e-type=\"widget\" data-widget_type=\"text-editor.default\">\n\t\t\t\t<div class=\"elementor-widget-container\">\n\t\t\t\t\t\t\t\t\t<p style=\"text-align: center;\">La n\u00e9phrologie est la sp\u00e9cialit\u00e9 m\u00e9dicale qui prend en charge le diagnostic et le traitement de l&rsquo;ensemble des maladies r\u00e9nales (appel\u00e9es n\u00e9phropathies), qui affectent la filtration du sang, fonction premi\u00e8re des reins.\u00a0<\/p><p style=\"text-align: center;\">Cette prise en charge s&rsquo;\u00e9tend des sympt\u00f4mes les plus \u00e9l\u00e9mentaires et pr\u00e9coces (pr\u00e9sence de sang ou de prot\u00e9ines dans les urines, par exemple) \u00e0 la complication la plus grave qui est l&rsquo;insuffisance r\u00e9nale chronique. Cette complication peut aboutir \u00e0 la n\u00e9cessit\u00e9 de suppl\u00e9er \u00e0 la fonction r\u00e9nale par la dialyse, traitement assur\u00e9 par les n\u00e9phrologues, ou la transplantation r\u00e9nale r\u00e9alis\u00e9e par les urologues.<\/p><p style=\"text-align: center;\">La dialyse m\u00e9dicalis\u00e9e assure \u00e0 chaque patient la visite syst\u00e9matique d\u2019un n\u00e9phrologue, selon son besoin m\u00e9dical et une consultation avec un examen m\u00e9dical complet, au moins une fois par mois. Une \u00e9quipe m\u00e9dicale dont m\u00e9decin et infirmiers sp\u00e9cialis\u00e9s prennent en charge la s\u00e9ance de dialyse.<\/p>\t\t\t\t\t\t\t\t<\/div>\n\t\t\t\t<\/div>\n\t\t\t\t\t<\/div>\n\t\t<\/div>\n\t\t\t\t\t<\/div>\n\t\t<\/section>\n\t\t\t\t<section class=\"elementor-section elementor-top-section elementor-element elementor-element-729dcc2 elementor-section-boxed elementor-section-height-default elementor-section-height-default\" data-id=\"729dcc2\" data-element_type=\"section\" data-e-type=\"section\">\n\t\t\t\t\t\t<div class=\"elementor-container elementor-column-gap-default\">\n\t\t\t\t\t<div class=\"elementor-column elementor-col-100 elementor-top-column elementor-element elementor-element-88f12cb\" data-id=\"88f12cb\" data-element_type=\"column\" data-e-type=\"column\">\n\t\t\t<div class=\"elementor-widget-wrap elementor-element-populated\">\n\t\t\t\t\t\t<div class=\"elementor-element elementor-element-437a4d7 elementor-widget elementor-widget-heading\" data-id=\"437a4d7\" data-element_type=\"widget\" data-e-type=\"widget\" data-widget_type=\"heading.default\">\n\t\t\t\t<div class=\"elementor-widget-container\">\n\t\t\t\t\t<h4 class=\"elementor-heading-title elementor-size-default\">Tous nos sp\u00e9cialistes au service du traitement de l'insuffisance r\u00e9nale et du dialyse<\/h4>\t\t\t\t<\/div>\n\t\t\t\t<\/div>\n\t\t\t\t\t<\/div>\n\t\t<\/div>\n\t\t\t\t\t<\/div>\n\t\t<\/section>\n\t\t\t\t<section class=\"elementor-section elementor-top-section elementor-element elementor-element-24cbda3 elementor-section-boxed elementor-section-height-default elementor-section-height-default\" data-id=\"24cbda3\" data-element_type=\"section\" data-e-type=\"section\">\n\t\t\t\t\t\t<div class=\"elementor-container elementor-column-gap-default\">\n\t\t\t\t\t<div class=\"elementor-column elementor-col-100 elementor-top-column elementor-element elementor-element-e0c4adb\" data-id=\"e0c4adb\" data-element_type=\"column\" data-e-type=\"column\">\n\t\t\t<div class=\"elementor-widget-wrap elementor-element-populated\">\n\t\t\t\t\t\t<div class=\"elementor-element elementor-element-39a949f elementor-widget elementor-widget-text-editor\" data-id=\"39a949f\" data-element_type=\"widget\" data-e-type=\"widget\" data-widget_type=\"text-editor.default\">\n\t\t\t\t<div class=\"elementor-widget-container\">\n\t\t\t\t\t\t\t\t\t<p style=\"text-align: center;\">La collaboration \u00e9troite avec d&rsquo;autres sp\u00e9cialit\u00e9s est indispensable. Avec les urologues, les n\u00e9phrologues participent au bilan des patients pr\u00e9sentant des calculs r\u00e9naux (lithiase) ou une insuffisance r\u00e9nale.\u00a0<\/p>\n<p style=\"text-align: center;\">Avec les r\u00e9animateurs, le n\u00e9phrologue participe au diagnostic et au traitement de l&rsquo;insuffisance r\u00e9nale aigu\u00eb. En collaboration avec les cardiologues, le n\u00e9phrologue peut \u00eatre associ\u00e9 \u00e0 la d\u00e9cision th\u00e9rapeutique en cas d\u2019hypertension art\u00e9rielle associ\u00e9e \u00e0 une insuffisance r\u00e9nale ou une pathologie des art\u00e8res r\u00e9nales. Avec le diab\u00e9tologue, le n\u00e9phrologue va intervenir pour assurer le suivi et le traitement du patient diab\u00e9tique souffrant de complications r\u00e9nales.<\/p>\t\t\t\t\t\t\t\t<\/div>\n\t\t\t\t<\/div>\n\t\t\t\t\t<\/div>\n\t\t<\/div>\n\t\t\t\t\t<\/div>\n\t\t<\/section>\n\t\t\t\t<section class=\"elementor-section elementor-top-section elementor-element elementor-element-e11bc66 elementor-section-boxed elementor-section-height-default elementor-section-height-default\" data-id=\"e11bc66\" data-element_type=\"section\" data-e-type=\"section\">\n\t\t\t\t\t\t<div class=\"elementor-container elementor-column-gap-default\">\n\t\t\t\t\t<div class=\"elementor-column elementor-col-100 elementor-top-column elementor-element elementor-element-2879efd\" data-id=\"2879efd\" data-element_type=\"column\" data-e-type=\"column\">\n\t\t\t<div class=\"elementor-widget-wrap elementor-element-populated\">\n\t\t\t\t\t\t<div class=\"elementor-element elementor-element-c7492e1 elementor-arrows-position-inside elementor-pagination-position-outside elementor-widget elementor-widget-image-carousel\" data-id=\"c7492e1\" data-element_type=\"widget\" data-e-type=\"widget\" data-settings=\"{&quot;navigation&quot;:&quot;both&quot;,&quot;autoplay&quot;:&quot;yes&quot;,&quot;pause_on_hover&quot;:&quot;yes&quot;,&quot;pause_on_interaction&quot;:&quot;yes&quot;,&quot;autoplay_speed&quot;:5000,&quot;infinite&quot;:&quot;yes&quot;,&quot;speed&quot;:500}\" data-widget_type=\"image-carousel.default\">\n\t\t\t\t<div class=\"elementor-widget-container\">\n\t\t\t\t\t\t\t<div class=\"elementor-image-carousel-wrapper swiper\" role=\"region\" aria-roledescription=\"carousel\" aria-label=\"Carrousel d\u2019images\" dir=\"ltr\">\n\t\t\t<div class=\"elementor-image-carousel swiper-wrapper\" aria-live=\"off\">\n\t\t\t\t\t\t\t\t<div class=\"swiper-slide\" role=\"group\" aria-roledescription=\"slide\" aria-label=\"1 sur 13\"><figure class=\"swiper-slide-inner\"><img decoding=\"async\" class=\"swiper-slide-image\" src=\"https:\/\/laserenite.mg\/wp-content\/uploads\/2021\/10\/244682462_201759018695295_5701049747505875288n-370x280.jpg\" alt=\"244682462_201759018695295_5701049747505875288n\" \/><\/figure><\/div><div class=\"swiper-slide\" role=\"group\" aria-roledescription=\"slide\" aria-label=\"2 sur 13\"><figure class=\"swiper-slide-inner\"><img decoding=\"async\" class=\"swiper-slide-image\" src=\"https:\/\/laserenite.mg\/wp-content\/uploads\/2021\/10\/20210804_1234141-370x280.jpg\" alt=\"20210804_1234141\" \/><\/figure><\/div><div class=\"swiper-slide\" role=\"group\" aria-roledescription=\"slide\" aria-label=\"3 sur 13\"><figure class=\"swiper-slide-inner\"><img decoding=\"async\" class=\"swiper-slide-image\" src=\"https:\/\/laserenite.mg\/wp-content\/uploads\/2021\/10\/244126593_442905710616438_8289033543555183784_-370x280.jpg\" alt=\"244126593_442905710616438_8289033543555183784_\" \/><\/figure><\/div><div class=\"swiper-slide\" role=\"group\" aria-roledescription=\"slide\" aria-label=\"4 sur 13\"><figure class=\"swiper-slide-inner\"><img decoding=\"async\" class=\"swiper-slide-image\" src=\"https:\/\/laserenite.mg\/wp-content\/uploads\/2021\/10\/244712500_386599279795606_7122862645954489879_-370x280.jpg\" alt=\"244712500_386599279795606_7122862645954489879_\" \/><\/figure><\/div><div class=\"swiper-slide\" role=\"group\" aria-roledescription=\"slide\" aria-label=\"5 sur 13\"><figure class=\"swiper-slide-inner\"><img decoding=\"async\" class=\"swiper-slide-image\" src=\"https:\/\/laserenite.mg\/wp-content\/uploads\/2021\/10\/20190503_171654-370x280.jpg\" alt=\"20190503_171654\" \/><\/figure><\/div><div class=\"swiper-slide\" role=\"group\" aria-roledescription=\"slide\" aria-label=\"6 sur 13\"><figure class=\"swiper-slide-inner\"><img decoding=\"async\" class=\"swiper-slide-image\" src=\"https:\/\/laserenite.mg\/wp-content\/uploads\/2021\/10\/20190503_1716371-370x280.jpg\" alt=\"20190503_1716371\" \/><\/figure><\/div><div class=\"swiper-slide\" role=\"group\" aria-roledescription=\"slide\" aria-label=\"7 sur 13\"><figure class=\"swiper-slide-inner\"><img decoding=\"async\" class=\"swiper-slide-image\" src=\"https:\/\/laserenite.mg\/wp-content\/uploads\/2021\/10\/244690570_548604809540845_3624869287279606436_-370x280.jpg\" alt=\"244690570_548604809540845_3624869287279606436_\" \/><\/figure><\/div><div class=\"swiper-slide\" role=\"group\" aria-roledescription=\"slide\" aria-label=\"8 sur 13\"><figure class=\"swiper-slide-inner\"><img decoding=\"async\" class=\"swiper-slide-image\" src=\"https:\/\/laserenite.mg\/wp-content\/uploads\/2021\/10\/20190503_1717491-1-370x280.jpg\" alt=\"20190503_1717491\" \/><\/figure><\/div><div class=\"swiper-slide\" role=\"group\" aria-roledescription=\"slide\" aria-label=\"9 sur 13\"><figure class=\"swiper-slide-inner\"><img decoding=\"async\" class=\"swiper-slide-image\" src=\"https:\/\/laserenite.mg\/wp-content\/uploads\/2021\/10\/20200507_154450-1-370x280.jpg\" alt=\"20200507_154450\" \/><\/figure><\/div><div class=\"swiper-slide\" role=\"group\" aria-roledescription=\"slide\" aria-label=\"10 sur 13\"><figure class=\"swiper-slide-inner\"><img decoding=\"async\" class=\"swiper-slide-image\" src=\"https:\/\/laserenite.mg\/wp-content\/uploads\/2021\/10\/20190627_1217451-2-370x280.jpg\" alt=\"20190627_1217451\" \/><\/figure><\/div><div class=\"swiper-slide\" role=\"group\" aria-roledescription=\"slide\" aria-label=\"11 sur 13\"><figure class=\"swiper-slide-inner\"><img decoding=\"async\" class=\"swiper-slide-image\" src=\"https:\/\/laserenite.mg\/wp-content\/uploads\/2021\/10\/20200507_1545051-1-370x280.jpg\" alt=\"20200507_1545051\" \/><\/figure><\/div><div class=\"swiper-slide\" role=\"group\" aria-roledescription=\"slide\" aria-label=\"12 sur 13\"><figure class=\"swiper-slide-inner\"><img decoding=\"async\" class=\"swiper-slide-image\" src=\"https:\/\/laserenite.mg\/wp-content\/uploads\/2021\/10\/20210804_113902-370x280.jpg\" alt=\"20210804_113902\" \/><\/figure><\/div><div class=\"swiper-slide\" role=\"group\" aria-roledescription=\"slide\" aria-label=\"13 sur 13\"><figure class=\"swiper-slide-inner\"><img decoding=\"async\" class=\"swiper-slide-image\" src=\"https:\/\/laserenite.mg\/wp-content\/uploads\/2021\/10\/20210804_113930-370x280.jpg\" alt=\"20210804_113930\" \/><\/figure><\/div>\t\t\t<\/div>\n\t\t\t\t\t\t\t\t\t\t\t\t<div class=\"elementor-swiper-button elementor-swiper-button-prev\" role=\"button\" tabindex=\"0\">\n\t\t\t\t\t\t<i aria-hidden=\"true\" class=\"eicon-chevron-left\"><\/i>\t\t\t\t\t<\/div>\n\t\t\t\t\t<div class=\"elementor-swiper-button elementor-swiper-button-next\" role=\"button\" tabindex=\"0\">\n\t\t\t\t\t\t<i aria-hidden=\"true\" class=\"eicon-chevron-right\"><\/i>\t\t\t\t\t<\/div>\n\t\t\t\t\n\t\t\t\t\t\t\t\t\t<div class=\"swiper-pagination\"><\/div>\n\t\t\t\t\t\t\t\t\t<\/div>\n\t\t\t\t\t\t<\/div>\n\t\t\t\t<\/div>\n\t\t\t\t\t<\/div>\n\t\t<\/div>\n\t\t\t\t\t<\/div>\n\t\t<\/section>\n\t\t\t\t<section class=\"elementor-section elementor-top-section elementor-element elementor-element-011fd24 elementor-section-boxed elementor-section-height-default elementor-section-height-default\" data-id=\"011fd24\" data-element_type=\"section\" data-e-type=\"section\">\n\t\t\t\t\t\t<div class=\"elementor-container elementor-column-gap-default\">\n\t\t\t\t\t<div class=\"elementor-column elementor-col-100 elementor-top-column elementor-element elementor-element-9fe9d25\" data-id=\"9fe9d25\" data-element_type=\"column\" data-e-type=\"column\">\n\t\t\t<div class=\"elementor-widget-wrap elementor-element-populated\">\n\t\t\t\t\t\t<div class=\"elementor-element elementor-element-7a0639c elementor-widget elementor-widget-heading\" data-id=\"7a0639c\" data-element_type=\"widget\" data-e-type=\"widget\" data-widget_type=\"heading.default\">\n\t\t\t\t<div class=\"elementor-widget-container\">\n\t\t\t\t\t<h4 class=\"elementor-heading-title elementor-size-default\">Nos services<\/h4>\t\t\t\t<\/div>\n\t\t\t\t<\/div>\n\t\t\t\t\t<\/div>\n\t\t<\/div>\n\t\t\t\t\t<\/div>\n\t\t<\/section>\n\t\t\t\t<section class=\"elementor-section elementor-top-section elementor-element elementor-element-b23f464 elementor-section-boxed elementor-section-height-default elementor-section-height-default\" data-id=\"b23f464\" data-element_type=\"section\" data-e-type=\"section\">\n\t\t\t\t\t\t<div class=\"elementor-container elementor-column-gap-default\">\n\t\t\t\t\t<div class=\"elementor-column elementor-col-25 elementor-top-column elementor-element elementor-element-4ae55f5\" data-id=\"4ae55f5\" data-element_type=\"column\" data-e-type=\"column\">\n\t\t\t<div class=\"elementor-widget-wrap elementor-element-populated\">\n\t\t\t\t\t\t<div class=\"elementor-element elementor-element-9150f23 elementor-position-top elementor-widget elementor-widget-image-box\" data-id=\"9150f23\" data-element_type=\"widget\" data-e-type=\"widget\" data-widget_type=\"image-box.default\">\n\t\t\t\t<div class=\"elementor-widget-container\">\n\t\t\t\t\t<div class=\"elementor-image-box-wrapper\"><figure class=\"elementor-image-box-img\"><img decoding=\"async\" width=\"150\" height=\"150\" src=\"https:\/\/laserenite.mg\/wp-content\/uploads\/2021\/08\/Formation-personnels-sante.png\" class=\"attachment-full size-full wp-image-572\" alt=\"\" \/><\/figure><div class=\"elementor-image-box-content\"><p class=\"elementor-image-box-description\"><span class=\"has-inline-color has-black-color\" style=\"text-align: start;white-space: normal\"><span style=\"font-weight: 700\">Plusieurs modes de prise en charge&nbsp;<\/span><strong>et des \u00e9quipes&nbsp;<\/strong><\/span><strong style=\"text-align: start;white-space: normal\"><span class=\"has-inline-color has-black-color\">exp\u00e9riment\u00e9es.<\/span><\/strong><\/p><\/div><\/div>\t\t\t\t<\/div>\n\t\t\t\t<\/div>\n\t\t\t\t\t<\/div>\n\t\t<\/div>\n\t\t\t\t<div class=\"elementor-column elementor-col-25 elementor-top-column elementor-element elementor-element-ed02b02\" data-id=\"ed02b02\" data-element_type=\"column\" data-e-type=\"column\">\n\t\t\t<div class=\"elementor-widget-wrap elementor-element-populated\">\n\t\t\t\t\t\t<div class=\"elementor-element elementor-element-51ea43b elementor-position-top elementor-widget elementor-widget-image-box\" data-id=\"51ea43b\" data-element_type=\"widget\" data-e-type=\"widget\" data-widget_type=\"image-box.default\">\n\t\t\t\t<div class=\"elementor-widget-container\">\n\t\t\t\t\t<div class=\"elementor-image-box-wrapper\"><figure class=\"elementor-image-box-img\"><img fetchpriority=\"high\" decoding=\"async\" width=\"232\" height=\"217\" src=\"https:\/\/laserenite.mg\/wp-content\/uploads\/2021\/08\/images.jpg\" class=\"attachment-full size-full wp-image-573\" alt=\"\" \/><\/figure><div class=\"elementor-image-box-content\"><p class=\"elementor-image-box-description\"><strong style=\"text-align: start;white-space: normal\"><span class=\"has-inline-color has-black-color\">Mat\u00e9riels haut de gamme de qualit\u00e9 pour assurer votre sant\u00e9.<\/span><\/strong><\/p><\/div><\/div>\t\t\t\t<\/div>\n\t\t\t\t<\/div>\n\t\t\t\t\t<\/div>\n\t\t<\/div>\n\t\t\t\t<div class=\"elementor-column elementor-col-25 elementor-top-column elementor-element elementor-element-735a45a\" data-id=\"735a45a\" data-element_type=\"column\" data-e-type=\"column\">\n\t\t\t<div class=\"elementor-widget-wrap elementor-element-populated\">\n\t\t\t\t\t\t<div class=\"elementor-element elementor-element-dcf8d5b elementor-position-top elementor-widget elementor-widget-image-box\" data-id=\"dcf8d5b\" data-element_type=\"widget\" data-e-type=\"widget\" data-widget_type=\"image-box.default\">\n\t\t\t\t<div class=\"elementor-widget-container\">\n\t\t\t\t\t<div class=\"elementor-image-box-wrapper\"><figure class=\"elementor-image-box-img\"><img decoding=\"async\" width=\"800\" height=\"800\" src=\"https:\/\/laserenite.mg\/wp-content\/uploads\/2021\/08\/rouge-numerique-d-icone-hopital-99661778.jpg\" class=\"attachment-full size-full wp-image-574\" alt=\"\" srcset=\"https:\/\/laserenite.mg\/wp-content\/uploads\/2021\/08\/rouge-numerique-d-icone-hopital-99661778.jpg 800w, https:\/\/laserenite.mg\/wp-content\/uploads\/2021\/08\/rouge-numerique-d-icone-hopital-99661778-300x300.jpg 300w, https:\/\/laserenite.mg\/wp-content\/uploads\/2021\/08\/rouge-numerique-d-icone-hopital-99661778-150x150.jpg 150w, https:\/\/laserenite.mg\/wp-content\/uploads\/2021\/08\/rouge-numerique-d-icone-hopital-99661778-768x768.jpg 768w\" sizes=\"(max-width: 800px) 100vw, 800px\" \/><\/figure><div class=\"elementor-image-box-content\"><p class=\"elementor-image-box-description\"><strong style=\"text-align: start;white-space: normal\"><span class=\"has-inline-color has-black-color\">Un cadre exceptionnel, calme et confortable.<\/span><\/strong><\/p><\/div><\/div>\t\t\t\t<\/div>\n\t\t\t\t<\/div>\n\t\t\t\t\t<\/div>\n\t\t<\/div>\n\t\t\t\t<div class=\"elementor-column elementor-col-25 elementor-top-column elementor-element elementor-element-ffd1b2c\" data-id=\"ffd1b2c\" data-element_type=\"column\" data-e-type=\"column\">\n\t\t\t<div class=\"elementor-widget-wrap elementor-element-populated\">\n\t\t\t\t\t\t<div class=\"elementor-element elementor-element-ba9f141 elementor-position-top elementor-widget elementor-widget-image-box\" data-id=\"ba9f141\" data-element_type=\"widget\" data-e-type=\"widget\" data-widget_type=\"image-box.default\">\n\t\t\t\t<div class=\"elementor-widget-container\">\n\t\t\t\t\t<div class=\"elementor-image-box-wrapper\"><figure class=\"elementor-image-box-img\"><img loading=\"lazy\" decoding=\"async\" width=\"360\" height=\"360\" src=\"https:\/\/laserenite.mg\/wp-content\/uploads\/2021\/08\/pngtree-hospital-bed-icon-isolated-on-abstract-background-png-image_2014354.png\" class=\"attachment-full size-full wp-image-576\" alt=\"\" srcset=\"https:\/\/laserenite.mg\/wp-content\/uploads\/2021\/08\/pngtree-hospital-bed-icon-isolated-on-abstract-background-png-image_2014354.png 360w, https:\/\/laserenite.mg\/wp-content\/uploads\/2021\/08\/pngtree-hospital-bed-icon-isolated-on-abstract-background-png-image_2014354-300x300.png 300w, https:\/\/laserenite.mg\/wp-content\/uploads\/2021\/08\/pngtree-hospital-bed-icon-isolated-on-abstract-background-png-image_2014354-150x150.png 150w\" sizes=\"(max-width: 360px) 100vw, 360px\" \/><\/figure><div class=\"elementor-image-box-content\"><p class=\"elementor-image-box-description\"><strong style=\"text-align: start;white-space: normal\"><span class=\"has-inline-color has-black-color\">Des salles de dialyse VIP pour votre s\u00e9r\u00e9nit\u00e9 et confort<\/span><\/strong><span style=\"text-align: start;white-space: normal\">.<\/span><\/p><\/div><\/div>\t\t\t\t<\/div>\n\t\t\t\t<\/div>\n\t\t\t\t\t<\/div>\n\t\t<\/div>\n\t\t\t\t\t<\/div>\n\t\t<\/section>\n\t\t\t\t<\/div>\n\t\t","protected":false},"excerpt":{"rendered":"<p>Une clinique de n\u00e9phrologique et de dialyse de qualit\u00e9 La n\u00e9phrologie est la sp\u00e9cialit\u00e9 m\u00e9dicale qui prend en charge le diagnostic et le traitement de l&rsquo;ensemble des maladies r\u00e9nales (appel\u00e9es n\u00e9phropathies), qui affectent la filtration du sang, fonction premi\u00e8re des reins.\u00a0 Cette prise en charge s&rsquo;\u00e9tend des sympt\u00f4mes les plus \u00e9l\u00e9mentaires et pr\u00e9coces (pr\u00e9sence de &hellip; <\/p>\n","protected":false},"author":1,"featured_media":0,"parent":0,"menu_order":0,"comment_status":"closed","ping_status":"closed","template":"","meta":{"footnotes":""},"class_list":["post-13","page","type-page","status-publish","hentry"],"_links":{"self":[{"href":"https:\/\/laserenite.mg\/index.php?rest_route=\/wp\/v2\/pages\/13","targetHints":{"allow":["GET"]}}],"collection":[{"href":"https:\/\/laserenite.mg\/index.php?rest_route=\/wp\/v2\/pages"}],"about":[{"href":"https:\/\/laserenite.mg\/index.php?rest_route=\/wp\/v2\/types\/page"}],"author":[{"embeddable":true,"href":"https:\/\/laserenite.mg\/index.php?rest_route=\/wp\/v2\/users\/1"}],"replies":[{"embeddable":true,"href":"https:\/\/laserenite.mg\/index.php?rest_route=%2Fwp%2Fv2%2Fcomments&post=13"}],"version-history":[{"count":0,"href":"https:\/\/laserenite.mg\/index.php?rest_route=\/wp\/v2\/pages\/13\/revisions"}],"wp:attachment":[{"href":"https:\/\/laserenite.mg\/index.php?rest_route=%2Fwp%2Fv2%2Fmedia&parent=13"}],"curies":[{"name":"wp","href":"https:\/\/api.w.org\/{rel}","templated":true}]}}