{"id":194,"date":"2021-08-03T15:22:39","date_gmt":"2021-08-03T15:22:39","guid":{"rendered":"https:\/\/laserenite.mg\/?page_id=194"},"modified":"2021-09-22T14:52:29","modified_gmt":"2021-09-22T14:52:29","slug":"chirurgie","status":"publish","type":"page","link":"https:\/\/laserenite.mg\/?page_id=194","title":{"rendered":"Chirurgie"},"content":{"rendered":"\n<div class=\"wp-block-group\"><div class=\"wp-block-group__inner-container is-layout-flow wp-block-group-is-layout-flow\">\n<div class=\"wp-block-columns is-layout-flex wp-container-core-columns-is-layout-9d6595d7 wp-block-columns-is-layout-flex\">\n<div class=\"wp-block-column is-vertically-aligned-center is-layout-flow wp-block-column-is-layout-flow\" style=\"flex-basis:100%\">\n<div class=\"wp-block-group\"><div class=\"wp-block-group__inner-container is-layout-flow wp-block-group-is-layout-flow\">\n<div class=\"wp-block-media-text alignwide is-stacked-on-mobile\" style=\"grid-template-columns:52% auto\"><figure class=\"wp-block-media-text__media\"><img fetchpriority=\"high\" decoding=\"async\" width=\"1024\" height=\"768\" src=\"https:\/\/laserenite.mg\/wp-content\/uploads\/2021\/09\/20210804_114331-1024x768.jpg\" alt=\"\" class=\"wp-image-683 size-full\" srcset=\"https:\/\/laserenite.mg\/wp-content\/uploads\/2021\/09\/20210804_114331-1024x768.jpg 1024w, https:\/\/laserenite.mg\/wp-content\/uploads\/2021\/09\/20210804_114331-300x225.jpg 300w, https:\/\/laserenite.mg\/wp-content\/uploads\/2021\/09\/20210804_114331-768x576.jpg 768w, https:\/\/laserenite.mg\/wp-content\/uploads\/2021\/09\/20210804_114331-1536x1152.jpg 1536w, https:\/\/laserenite.mg\/wp-content\/uploads\/2021\/09\/20210804_114331-2048x1536.jpg 2048w, https:\/\/laserenite.mg\/wp-content\/uploads\/2021\/09\/20210804_114331-80x60.jpg 80w\" sizes=\"(max-width: 1024px) 100vw, 1024px\" \/><\/figure><div class=\"wp-block-media-text__content\">\n<p class=\"has-text-align-center has-small-font-size\"><strong>Vous venez d\u2019apprendre que vous devez subir une op\u00e9ration, mais le d\u00e9lai d\u2019attente \u00e0 l&rsquo;h\u00f4pital vous semble beaucoup trop long?<br><br>Afin de mieux \u00e9valuer les options qui s\u2019offrent \u00e0 vous, nous vous invitons \u00e0 nous contacter au +261 34 17 612 27 pour examiner plus pr\u00e9cis\u00e9ment votre situation et vous sugg\u00e9rer des pistes de solution pour vous permettre de rem\u00e9dier \u00e0 votre probl\u00e8me le plus rapidement possible. Nous serons alors honor\u00e9s de vous fournir des soins chirurgicaux du plus haut niveau et de vous remettre sur la voie de la gu\u00e9rison. <br><br>La S\u00e9r\u00e9nit\u00e9 est un bloc op\u00e9ratoire priv\u00e9 \u00e0 Mananjara Antananarivo offrant la location de salle d\u2019op\u00e9ration en chirurgie et la prise en charge compl\u00e8te de votre op\u00e9ration.<\/strong><\/p>\n<\/div><\/div>\n<\/div><\/div>\n<\/div>\n<\/div>\n<\/div><\/div>\n\n\n\n<p><\/p>\n","protected":false},"excerpt":{"rendered":"<p>Vous venez d\u2019apprendre que vous devez subir une op\u00e9ration, mais le d\u00e9lai d\u2019attente \u00e0 l&rsquo;h\u00f4pital vous semble beaucoup trop long? Afin de mieux \u00e9valuer les options qui s\u2019offrent \u00e0 vous, nous vous invitons \u00e0 nous contacter au +261 34 17 612 27 pour examiner plus pr\u00e9cis\u00e9ment votre situation et vous sugg\u00e9rer des pistes de solution &hellip; <\/p>\n","protected":false},"author":1,"featured_media":0,"parent":0,"menu_order":0,"comment_status":"closed","ping_status":"closed","template":"","meta":{"footnotes":""},"class_list":["post-194","page","type-page","status-publish","hentry"],"_links":{"self":[{"href":"https:\/\/laserenite.mg\/index.php?rest_route=\/wp\/v2\/pages\/194","targetHints":{"allow":["GET"]}}],"collection":[{"href":"https:\/\/laserenite.mg\/index.php?rest_route=\/wp\/v2\/pages"}],"about":[{"href":"https:\/\/laserenite.mg\/index.php?rest_route=\/wp\/v2\/types\/page"}],"author":[{"embeddable":true,"href":"https:\/\/laserenite.mg\/index.php?rest_route=\/wp\/v2\/users\/1"}],"replies":[{"embeddable":true,"href":"https:\/\/laserenite.mg\/index.php?rest_route=%2Fwp%2Fv2%2Fcomments&post=194"}],"version-history":[{"count":0,"href":"https:\/\/laserenite.mg\/index.php?rest_route=\/wp\/v2\/pages\/194\/revisions"}],"wp:attachment":[{"href":"https:\/\/laserenite.mg\/index.php?rest_route=%2Fwp%2Fv2%2Fmedia&parent=194"}],"curies":[{"name":"wp","href":"https:\/\/api.w.org\/{rel}","templated":true}]}}