{"id":202,"date":"2021-08-03T15:25:45","date_gmt":"2021-08-03T15:25:45","guid":{"rendered":"https:\/\/laserenite.mg\/?page_id=202"},"modified":"2021-08-11T11:11:44","modified_gmt":"2021-08-11T11:11:44","slug":"chimiotherapie","status":"publish","type":"page","link":"https:\/\/laserenite.mg\/?page_id=202","title":{"rendered":"Chimioth\u00e9rapie"},"content":{"rendered":"\n<p>Le service de chimioth\u00e9rapie ambulatoire est coordonn\u00e9 par un oncologue m\u00e9dical.<\/p>\n\n\n\n<p>Ce service propose des th\u00e9rapeutiques (chimioth\u00e9rapie, th\u00e9rapeutiques cibl\u00e9es, immunoth\u00e9rapie, hormonoth\u00e9rapie) pour les tumeurs solides de l\u2019adulte (cancer du sein, cancers gyn\u00e9cologiques, urologiques, pulmonaires, digestifs, ORL, tumeurs c\u00e9r\u00e9brales et m\u00e9lanomes).<\/p>\n\n\n\n<p>Le service comporte une hotte aspirante pour la pr\u00e9paration des m\u00e9dicaments cytotoxiques, ainsi que des casques et gants hypothermiques afin de limiter la perte des cheveux ou les effets secondaires de la chimioth\u00e9rapie au niveau des mains et des pieds.<\/p>\n\n\n\n<p>La proximit\u00e9 du service de chimioth\u00e9rapie permet d\u2019assurer la prise en charge dans des conditions optimales des patients devant recevoir un traitement de chimioth\u00e9rapie.<\/p>\n\n\n\n<h4 class=\"wp-block-heading\">TRAITEMENTS ET SUIVI DES PATIENTS<\/h4>\n\n\n\n<p>Les traitements chimioth\u00e9rapiques et le suivi des patients sont assur\u00e9s par des m\u00e9decins\u00a0et par l\u2019\u00e9quipe des infirmi\u00e8res, aides-soignantes, agent de service hospitalier et secr\u00e9taires m\u00e9dicales.<\/p>\n\n\n\n<p>La pr\u00e9paration des chimioth\u00e9rapies est nominative et centralis\u00e9e, sous la responsabilit\u00e9 du m\u00e9decin oncologue.<\/p>\n\n\n\n<h4 class=\"wp-block-heading\">ACCUEIL DES PATIENTS<\/h4>\n\n\n\n<p>Quatre fauteuils et lits \u00e9quip\u00e9s de la t\u00e9l\u00e9vision, permettent la prise en charge des patients dans des conditions de confort optimal.<\/p>\n\n\n\n<p>Cette unit\u00e9 ambulatoire est en mesure de recevoir les patients de 8h30 \u00e0 17h30 du lundi au vendredi.<\/p>\n","protected":false},"excerpt":{"rendered":"<p>Le service de chimioth\u00e9rapie ambulatoire est coordonn\u00e9 par un oncologue m\u00e9dical. Ce service propose des th\u00e9rapeutiques (chimioth\u00e9rapie, th\u00e9rapeutiques cibl\u00e9es, immunoth\u00e9rapie, hormonoth\u00e9rapie) pour les tumeurs solides de l\u2019adulte (cancer du sein, cancers gyn\u00e9cologiques, urologiques, pulmonaires, digestifs, ORL, tumeurs c\u00e9r\u00e9brales et m\u00e9lanomes). Le service comporte une hotte aspirante pour la pr\u00e9paration des m\u00e9dicaments cytotoxiques, ainsi que des &hellip; <\/p>\n","protected":false},"author":1,"featured_media":0,"parent":0,"menu_order":0,"comment_status":"closed","ping_status":"closed","template":"","meta":{"footnotes":""},"class_list":["post-202","page","type-page","status-publish","hentry"],"_links":{"self":[{"href":"https:\/\/laserenite.mg\/index.php?rest_route=\/wp\/v2\/pages\/202","targetHints":{"allow":["GET"]}}],"collection":[{"href":"https:\/\/laserenite.mg\/index.php?rest_route=\/wp\/v2\/pages"}],"about":[{"href":"https:\/\/laserenite.mg\/index.php?rest_route=\/wp\/v2\/types\/page"}],"author":[{"embeddable":true,"href":"https:\/\/laserenite.mg\/index.php?rest_route=\/wp\/v2\/users\/1"}],"replies":[{"embeddable":true,"href":"https:\/\/laserenite.mg\/index.php?rest_route=%2Fwp%2Fv2%2Fcomments&post=202"}],"version-history":[{"count":0,"href":"https:\/\/laserenite.mg\/index.php?rest_route=\/wp\/v2\/pages\/202\/revisions"}],"wp:attachment":[{"href":"https:\/\/laserenite.mg\/index.php?rest_route=%2Fwp%2Fv2%2Fmedia&parent=202"}],"curies":[{"name":"wp","href":"https:\/\/api.w.org\/{rel}","templated":true}]}}