{"id":216,"date":"2021-08-03T16:12:24","date_gmt":"2021-08-03T16:12:24","guid":{"rendered":"https:\/\/laserenite.mg\/?page_id=216"},"modified":"2021-10-21T14:29:31","modified_gmt":"2021-10-21T14:29:31","slug":"maternite-obstetrique","status":"publish","type":"page","link":"https:\/\/laserenite.mg\/?page_id=216","title":{"rendered":"Maternit\u00e9-Obst\u00e9trique"},"content":{"rendered":"\t\t<div data-elementor-type=\"wp-page\" data-elementor-id=\"216\" class=\"elementor elementor-216\">\n\t\t\t\t\t\t<section class=\"elementor-section elementor-top-section elementor-element elementor-element-53dd458 elementor-section-boxed elementor-section-height-default elementor-section-height-default\" data-id=\"53dd458\" data-element_type=\"section\" data-e-type=\"section\">\n\t\t\t\t\t\t<div class=\"elementor-container elementor-column-gap-default\">\n\t\t\t\t\t<div class=\"elementor-column elementor-col-100 elementor-top-column elementor-element elementor-element-eb82b31\" data-id=\"eb82b31\" data-element_type=\"column\" data-e-type=\"column\">\n\t\t\t<div class=\"elementor-widget-wrap elementor-element-populated\">\n\t\t\t\t\t\t<div class=\"elementor-element elementor-element-2e39832 elementor-widget elementor-widget-text-editor\" data-id=\"2e39832\" data-element_type=\"widget\" data-e-type=\"widget\" data-widget_type=\"text-editor.default\">\n\t\t\t\t<div class=\"elementor-widget-container\">\n\t\t\t\t\t\t\t\t\t<p style=\"text-align: center;\"><strong><span style=\"color: #33cccc;\">Notre maternit\u00e9 vous offre un suivi m\u00e9dical attentif durant les diff\u00e9rentes \u00e9tapes de votre grossesse mais aussi \u00e0 l\u2019accueil de votre nouveau-n\u00e9.<\/span><\/strong><\/p>\t\t\t\t\t\t\t\t<\/div>\n\t\t\t\t<\/div>\n\t\t\t\t\t<\/div>\n\t\t<\/div>\n\t\t\t\t\t<\/div>\n\t\t<\/section>\n\t\t\t\t<section class=\"elementor-section elementor-top-section elementor-element elementor-element-7dcd14a elementor-section-boxed elementor-section-height-default elementor-section-height-default\" data-id=\"7dcd14a\" data-element_type=\"section\" data-e-type=\"section\">\n\t\t\t\t\t\t<div class=\"elementor-container elementor-column-gap-default\">\n\t\t\t\t\t<div class=\"elementor-column elementor-col-100 elementor-top-column elementor-element elementor-element-f21e94d\" data-id=\"f21e94d\" data-element_type=\"column\" data-e-type=\"column\">\n\t\t\t<div class=\"elementor-widget-wrap elementor-element-populated\">\n\t\t\t\t\t\t<div class=\"elementor-element elementor-element-3634057 elementor-widget elementor-widget-text-editor\" data-id=\"3634057\" data-element_type=\"widget\" data-e-type=\"widget\" data-widget_type=\"text-editor.default\">\n\t\t\t\t<div class=\"elementor-widget-container\">\n\t\t\t\t\t\t\t\t\t<p style=\"text-align: center;\"><span style=\"color: #3366ff;\"><strong><span style=\"font-family: Raleway, sans-serif;\"><span style=\"font-size: 17px;\">Un moment inoubliable !<\/span><\/span><\/strong><\/span><\/p>\t\t\t\t\t\t\t\t<\/div>\n\t\t\t\t<\/div>\n\t\t\t\t\t<\/div>\n\t\t<\/div>\n\t\t\t\t\t<\/div>\n\t\t<\/section>\n\t\t\t\t<section class=\"elementor-section elementor-top-section elementor-element elementor-element-fd3dd45 elementor-section-boxed elementor-section-height-default elementor-section-height-default\" data-id=\"fd3dd45\" data-element_type=\"section\" data-e-type=\"section\">\n\t\t\t\t\t\t<div class=\"elementor-container elementor-column-gap-default\">\n\t\t\t\t\t<div class=\"elementor-column elementor-col-100 elementor-top-column elementor-element elementor-element-c74ff08\" data-id=\"c74ff08\" data-element_type=\"column\" data-e-type=\"column\">\n\t\t\t<div class=\"elementor-widget-wrap elementor-element-populated\">\n\t\t\t\t\t\t<div class=\"elementor-element elementor-element-d2a39dd elementor-widget elementor-widget-text-editor\" data-id=\"d2a39dd\" data-element_type=\"widget\" data-e-type=\"widget\" data-widget_type=\"text-editor.default\">\n\t\t\t\t<div class=\"elementor-widget-container\">\n\t\t\t\t\t\t\t\t\t<p style=\"text-align: center;\"><span style=\"color: #505050; font-family: Raleway, sans-serif; font-size: 17px;\">En tant que future maman, votre premier contact avec notre maternit\u00e9 s\u2019est fait via votre gyn\u00e9cologue-obst\u00e9tricien. En r\u00e9alit\u00e9, c\u2019est une \u00e9quipe compl\u00e8te qui \u0153uvre quotidiennement pour faire de cette belle aventure qu\u2019est la naissance d\u2019un enfant\u00a0<\/span><strong><span style=\"margin-bottom: 0px; color: #505050; font-family: Raleway, sans-serif; font-size: 17px;\">un moment inoubliable<\/span><span style=\"color: #505050; font-family: Raleway, sans-serif; font-size: 17px;\">.<br \/><\/span><\/strong><span style=\"color: #505050; font-family: Raleway, sans-serif; font-size: 17px;\">En salle d&rsquo;accouchement vous pouvez \u00eatre accompagn\u00e9e d&rsquo;une personne de confiance de votre choix (compagnon, membre de la famille, &#8230;)<\/span><\/p>\t\t\t\t\t\t\t\t<\/div>\n\t\t\t\t<\/div>\n\t\t\t\t\t<\/div>\n\t\t<\/div>\n\t\t\t\t\t<\/div>\n\t\t<\/section>\n\t\t\t\t<section class=\"elementor-section elementor-top-section elementor-element elementor-element-58b9a85 elementor-section-boxed elementor-section-height-default elementor-section-height-default\" data-id=\"58b9a85\" data-element_type=\"section\" data-e-type=\"section\">\n\t\t\t\t\t\t<div class=\"elementor-container elementor-column-gap-default\">\n\t\t\t\t\t<div class=\"elementor-column elementor-col-100 elementor-top-column elementor-element elementor-element-d8155e0\" data-id=\"d8155e0\" data-element_type=\"column\" data-e-type=\"column\">\n\t\t\t<div class=\"elementor-widget-wrap elementor-element-populated\">\n\t\t\t\t\t\t<div class=\"elementor-element elementor-element-644a69c elementor-widget elementor-widget-text-editor\" data-id=\"644a69c\" data-element_type=\"widget\" data-e-type=\"widget\" data-widget_type=\"text-editor.default\">\n\t\t\t\t<div class=\"elementor-widget-container\">\n\t\t\t\t\t\t\t\t\t<h4 style=\"margin-bottom: 0.5rem; font-size: 18px; line-height: 1.2; color: #505050; font-family: ff-meta-web-pro, sans-serif; font-weight: 500; text-align: center;\"><span style=\"color: #3366ff;\"><strong>Une venue au monde la plus agr\u00e9able possible<\/strong><\/span><\/h4>\t\t\t\t\t\t\t\t<\/div>\n\t\t\t\t<\/div>\n\t\t\t\t\t<\/div>\n\t\t<\/div>\n\t\t\t\t\t<\/div>\n\t\t<\/section>\n\t\t\t\t<section class=\"elementor-section elementor-top-section elementor-element elementor-element-5027436 elementor-section-boxed elementor-section-height-default elementor-section-height-default\" data-id=\"5027436\" data-element_type=\"section\" data-e-type=\"section\">\n\t\t\t\t\t\t<div class=\"elementor-container elementor-column-gap-default\">\n\t\t\t\t\t<div class=\"elementor-column elementor-col-100 elementor-top-column elementor-element elementor-element-100b5cd\" data-id=\"100b5cd\" data-element_type=\"column\" data-e-type=\"column\">\n\t\t\t<div class=\"elementor-widget-wrap elementor-element-populated\">\n\t\t\t\t\t\t<div class=\"elementor-element elementor-element-6df240a elementor-widget elementor-widget-text-editor\" data-id=\"6df240a\" data-element_type=\"widget\" data-e-type=\"widget\" data-widget_type=\"text-editor.default\">\n\t\t\t\t<div class=\"elementor-widget-container\">\n\t\t\t\t\t\t\t\t\t<p style=\"text-align: center;\"><span style=\"color: #505050; font-family: Raleway, sans-serif; font-size: 17px;\">Tout au long de votre parcours, votre conjoint et vous aurez l\u2019occasion de rencontrer divers autres membres de cette \u00e9quipe : les p\u00e9diatres, les anesth\u00e9sistes, les sages-femmes, le personnel technique et administratif, etc. Mais c\u2019est en fait <strong>l\u2019ensemble de la Clinque qui s\u2019emploiera \u00e0 rendre la venue au monde de votre b\u00e9b\u00e9 la plus agr\u00e9able possible<\/strong> tout en int\u00e9grant une s\u00e9curit\u00e9 m\u00e9dicale indispensable.<\/span><\/p>\t\t\t\t\t\t\t\t<\/div>\n\t\t\t\t<\/div>\n\t\t\t\t\t<\/div>\n\t\t<\/div>\n\t\t\t\t\t<\/div>\n\t\t<\/section>\n\t\t\t\t<section class=\"elementor-section elementor-top-section elementor-element elementor-element-2b841e0 elementor-section-boxed elementor-section-height-default elementor-section-height-default\" data-id=\"2b841e0\" data-element_type=\"section\" data-e-type=\"section\">\n\t\t\t\t\t\t<div class=\"elementor-container elementor-column-gap-default\">\n\t\t\t\t\t<div class=\"elementor-column elementor-col-100 elementor-top-column elementor-element elementor-element-9749cf2\" data-id=\"9749cf2\" data-element_type=\"column\" data-e-type=\"column\">\n\t\t\t<div class=\"elementor-widget-wrap elementor-element-populated\">\n\t\t\t\t\t\t<div class=\"elementor-element elementor-element-1a4ef14 elementor-widget elementor-widget-text-editor\" data-id=\"1a4ef14\" data-element_type=\"widget\" data-e-type=\"widget\" data-widget_type=\"text-editor.default\">\n\t\t\t\t<div class=\"elementor-widget-container\">\n\t\t\t\t\t\t\t\t\t<p style=\"text-align: center;\"><span style=\"color: #3366ff;\"><strong><span style=\"font-family: Raleway, sans-serif;\"><span style=\"font-size: 17px;\">Suivi de grossesse<\/span><\/span><\/strong><\/span><\/p>\t\t\t\t\t\t\t\t<\/div>\n\t\t\t\t<\/div>\n\t\t\t\t\t<\/div>\n\t\t<\/div>\n\t\t\t\t\t<\/div>\n\t\t<\/section>\n\t\t\t\t<section class=\"elementor-section elementor-top-section elementor-element elementor-element-cabc63d elementor-section-boxed elementor-section-height-default elementor-section-height-default\" data-id=\"cabc63d\" data-element_type=\"section\" data-e-type=\"section\">\n\t\t\t\t\t\t<div class=\"elementor-container elementor-column-gap-default\">\n\t\t\t\t\t<div class=\"elementor-column elementor-col-100 elementor-top-column elementor-element elementor-element-a25d4d5\" data-id=\"a25d4d5\" data-element_type=\"column\" data-e-type=\"column\">\n\t\t\t<div class=\"elementor-widget-wrap elementor-element-populated\">\n\t\t\t\t\t\t<div class=\"elementor-element elementor-element-2f48608 elementor-widget elementor-widget-text-editor\" data-id=\"2f48608\" data-element_type=\"widget\" data-e-type=\"widget\" data-widget_type=\"text-editor.default\">\n\t\t\t\t<div class=\"elementor-widget-container\">\n\t\t\t\t\t\t\t\t\t<p style=\"text-align: center;\"><span style=\"color: #505050; font-family: Raleway, sans-serif; font-size: 17px;\">\u00c0 partir du 4\u00e8me mois de grossesse, une consultation m\u00e9dicale mensuelle est obli\u00adgatoire. Le suivi de votre grossesse sera assur\u00e9 par votre m\u00e9decin habituel (gyn\u00e9cologue ou m\u00e9decin g\u00e9n\u00e9raliste) ou par votre sage-femme, en liaison avec la clinique. Si votre grossesse est \u00e0 risque, votre suivi doit \u00eatre fait par un obst\u00e9tricien \u00e0 partir du 7\u00e8me mois (ou avant selon la pathologie).<\/span><\/p><p style=\"text-align: center;\"><span style=\"color: #505050; font-family: Raleway, sans-serif; font-size: 17px;\">Trois \u00e9chographies sont recommand\u00e9es au cours de la grossesse. Vous devez effectuer les consultations du 8\u00e8me et \u00a09\u00e8me \u00a0mois aupr\u00e8s d\u2019un obst\u00e9tricien ou d\u2019une sage-femme exer\u00e7ant dans la clinique.<\/span><\/p>\t\t\t\t\t\t\t\t<\/div>\n\t\t\t\t<\/div>\n\t\t\t\t\t<\/div>\n\t\t<\/div>\n\t\t\t\t\t<\/div>\n\t\t<\/section>\n\t\t\t\t<\/div>\n\t\t","protected":false},"excerpt":{"rendered":"<p>Notre maternit\u00e9 vous offre un suivi m\u00e9dical attentif durant les diff\u00e9rentes \u00e9tapes de votre grossesse mais aussi \u00e0 l\u2019accueil de votre nouveau-n\u00e9. Un moment inoubliable ! En tant que future maman, votre premier contact avec notre maternit\u00e9 s\u2019est fait via votre gyn\u00e9cologue-obst\u00e9tricien. En r\u00e9alit\u00e9, c\u2019est une \u00e9quipe compl\u00e8te qui \u0153uvre quotidiennement pour faire de cette &hellip; <\/p>\n","protected":false},"author":1,"featured_media":0,"parent":0,"menu_order":0,"comment_status":"closed","ping_status":"closed","template":"","meta":{"footnotes":""},"class_list":["post-216","page","type-page","status-publish","hentry"],"_links":{"self":[{"href":"https:\/\/laserenite.mg\/index.php?rest_route=\/wp\/v2\/pages\/216","targetHints":{"allow":["GET"]}}],"collection":[{"href":"https:\/\/laserenite.mg\/index.php?rest_route=\/wp\/v2\/pages"}],"about":[{"href":"https:\/\/laserenite.mg\/index.php?rest_route=\/wp\/v2\/types\/page"}],"author":[{"embeddable":true,"href":"https:\/\/laserenite.mg\/index.php?rest_route=\/wp\/v2\/users\/1"}],"replies":[{"embeddable":true,"href":"https:\/\/laserenite.mg\/index.php?rest_route=%2Fwp%2Fv2%2Fcomments&post=216"}],"version-history":[{"count":0,"href":"https:\/\/laserenite.mg\/index.php?rest_route=\/wp\/v2\/pages\/216\/revisions"}],"wp:attachment":[{"href":"https:\/\/laserenite.mg\/index.php?rest_route=%2Fwp%2Fv2%2Fmedia&parent=216"}],"curies":[{"name":"wp","href":"https:\/\/api.w.org\/{rel}","templated":true}]}}