{"id":263,"date":"2021-08-04T04:28:26","date_gmt":"2021-08-04T04:28:26","guid":{"rendered":"https:\/\/laserenite.mg\/?page_id=263"},"modified":"2021-08-18T13:47:08","modified_gmt":"2021-08-18T13:47:08","slug":"presentation-du-centre","status":"publish","type":"page","link":"https:\/\/laserenite.mg\/?page_id=263","title":{"rendered":"Pr\u00e9sentation"},"content":{"rendered":"\n<h2 class=\"wp-block-heading\">Pr\u00e9sentation de la Clinique La S\u00e9r\u00e9nit\u00e9<\/h2>\n\n\n\n<p>Afin d\u2019offrir une r\u00e9ponse adapt\u00e9e, moderne et efficace \u00e0 un besoin de sant\u00e9 croissant, la Clinique a su regroup\u00e9 au sein d&rsquo;un centre unique et dans un cadre tr\u00e8s serein au centre ville les diff\u00e9rentes sp\u00e9cialit\u00e9s et principalement en 2019 la dialyse et la chimioth\u00e9rapie.<\/p>\n\n\n\n<p>Cet \u00e9tablissement rassemble des \u00e9quipes m\u00e9dicales et param\u00e9dicales compl\u00e9mentaires associ\u00e9es aux derni\u00e8res g\u00e9n\u00e9rations de mat\u00e9riels et d\u2019installations.<\/p>\n\n\n\n<p>Depuis fin 2020, le Centre Hospitalier Priv\u00e9 anciennement d\u00e9nomm\u00e9 Clinique Gasikara Exploration Service est devenu le Centre Hospitalier Priv\u00e9 La S\u00e9r\u00e9nit\u00e9.<\/p>\n\n\n\n<h2 class=\"wp-block-heading\">Les p\u00f4les m\u00e9dicaux-chirurgicaux repr\u00e9sent\u00e9s sont :<\/h2>\n\n\n\n<ul class=\"wp-block-list\"><li>Dialyse<\/li><li>Chimioth\u00e9rapie<\/li><li>Consultation sp\u00e9cialis\u00e9e<\/li><li>Chirurgie<\/li><li>Maternit\u00e9<\/li><li>Anatomopathologie<\/li><li>Soins infirmiers<\/li><\/ul>\n\n\n\n\n\t\t<!-- MasterSlider -->\n\t\t<div id=\"P_MS6124fabc0f3b4\" class=\"master-slider-parent msl ms-parent-id-1\" style=\"\">\n\n\t\t\t\n\t\t\t<!-- MasterSlider Main -->\n\t\t\t<div id=\"MS6124fabc0f3b4\" class=\"master-slider ms-skin-default\" >\n\t\t\t\t \t\t\t\t \n\t\t\t\t<div  class=\"ms-slide\" data-delay=\"5\" data-fill-mode=\"fit\"  >\n\t\t\t\t\t<img decoding=\"async\" src=\"https:\/\/laserenite.mg\/wp-content\/plugins\/master-slider\/public\/assets\/css\/blank.gif\" alt=\"\" title=\"\" data-src=\"https:\/\/laserenite.mg\/wp-content\/uploads\/2021\/08\/1-1012x480.png\" \/>\n\n\n\t<div class=\"ms-thumb\" ><div class=\"ms-tab-context\"><div class=&quot;ms-tab-context&quot;><\/div><\/div>\n<\/div>\n\t\t\t\t<\/div>\n\t\t\t\t<div  class=\"ms-slide\" data-delay=\"3\" data-fill-mode=\"fill\"  >\n\t\t\t\t\t<img decoding=\"async\" src=\"https:\/\/laserenite.mg\/wp-content\/plugins\/master-slider\/public\/assets\/css\/blank.gif\" alt=\"\" title=\"\" data-src=\"https:\/\/laserenite.mg\/wp-content\/uploads\/2021\/08\/2-1012x480.png\" \/>\n\n\n\t<div class=\"ms-thumb\" ><div class=\"ms-tab-context\"><div class=&quot;ms-tab-context&quot;><\/div><\/div>\n<\/div>\n\t\t\t\t<\/div>\n\t\t\t\t<div  class=\"ms-slide\" data-delay=\"3\" data-fill-mode=\"fill\"  >\n\t\t\t\t\t<img decoding=\"async\" src=\"https:\/\/laserenite.mg\/wp-content\/plugins\/master-slider\/public\/assets\/css\/blank.gif\" alt=\"\" title=\"\" data-src=\"https:\/\/laserenite.mg\/wp-content\/uploads\/2021\/08\/3-1012x480.png\" \/>\n\n\n\t<div class=\"ms-thumb\" ><div class=\"ms-tab-context\"><div class=&quot;ms-tab-context&quot;><\/div><\/div>\n<\/div>\n\t\t\t\t<\/div>\n\t\t\t\t<div  class=\"ms-slide\" data-delay=\"3\" data-fill-mode=\"fill\"  >\n\t\t\t\t\t<img decoding=\"async\" src=\"https:\/\/laserenite.mg\/wp-content\/plugins\/master-slider\/public\/assets\/css\/blank.gif\" alt=\"\" title=\"\" data-src=\"https:\/\/laserenite.mg\/wp-content\/uploads\/2021\/08\/4-1012x480.png\" \/>\n\n\n\t<div class=\"ms-thumb\" ><div class=\"ms-tab-context\"><div class=&quot;ms-tab-context&quot;><\/div><\/div>\n<\/div>\n\t\t\t\t<\/div>\n\t\t\t\t<div  class=\"ms-slide\" data-delay=\"3\" data-fill-mode=\"fill\"  >\n\t\t\t\t\t<img decoding=\"async\" src=\"https:\/\/laserenite.mg\/wp-content\/plugins\/master-slider\/public\/assets\/css\/blank.gif\" alt=\"\" title=\"\" data-src=\"https:\/\/laserenite.mg\/wp-content\/uploads\/2021\/08\/5-1012x480.png\" \/>\n\n\n\t<div class=\"ms-thumb\" ><div class=\"ms-tab-context\"><div class=&quot;ms-tab-context&quot;><\/div><\/div>\n<\/div>\n\t\t\t\t<\/div>\n\t\t\t\t<div  class=\"ms-slide\" data-delay=\"3\" data-fill-mode=\"fill\"  >\n\t\t\t\t\t<img decoding=\"async\" src=\"https:\/\/laserenite.mg\/wp-content\/plugins\/master-slider\/public\/assets\/css\/blank.gif\" alt=\"\" title=\"\" data-src=\"https:\/\/laserenite.mg\/wp-content\/uploads\/2021\/08\/6-1012x480.png\" \/>\n\n\n\t<div class=\"ms-thumb\" ><div class=\"ms-tab-context\"><div class=&quot;ms-tab-context&quot;><\/div><\/div>\n<\/div>\n\t\t\t\t<\/div>\n\n\t\t\t<\/div>\n\t\t\t<!-- END MasterSlider Main -->\n\n\t\t\t \n\t\t<\/div>\n\t\t<!-- END MasterSlider -->\n\n\t\t<script>\n\t\t(function ( $ ) {\n\t\t\t\"use strict\";\n\n\t\t\t$(function () {\n\t\t\t\tvar masterslider_f3b4 = new MasterSlider();\n\n\t\t\t\t\/\/ slider controls\n\t\t\t\tmasterslider_f3b4.control('arrows'     ,{ autohide:false, overVideo:true  });\n\t\t\t\t\/\/ slider setup\n\t\t\t\tmasterslider_f3b4.setup(\"MS6124fabc0f3b4\", {\n\t\t\t\t\t\twidth           : 1012,\n\t\t\t\t\t\theight          : 480,\n\t\t\t\t\t\tminHeight       : 0,\n\t\t\t\t\t\tspace           : 3,\n\t\t\t\t\t\tstart           : 1,\n\t\t\t\t\t\tgrabCursor      : true,\n\t\t\t\t\t\tswipe           : true,\n\t\t\t\t\t\tmouse           : true,\n\t\t\t\t\t\tlayout          : \"fullwidth\",\n\t\t\t\t\t\twheel           : false,\n\t\t\t\t\t\tautoplay        : true,\n\t\t\t\t\t\tinstantStartLayers:false,\n\t\t\t\t\t\tloop            : false,\n\t\t\t\t\t\tshuffle         : false,\n\t\t\t\t\t\tpreload         : 0,\n\t\t\t\t\t\theightLimit     : true,\n\t\t\t\t\t\tautoHeight      : true,\n\t\t\t\t\t\tsmoothHeight    : true,\n\t\t\t\t\t\tendPause        : false,\n\t\t\t\t\t\toverPause       : true,\n\t\t\t\t\t\tfillMode        : \"fill\",\n\t\t\t\t\t\tcenterControls  : true,\n\t\t\t\t\t\tstartOnAppear   : true,\n\t\t\t\t\t\tlayersMode      : \"center\",\n\t\t\t\t\t\thideLayers      : false,\n\t\t\t\t\t\tfullscreenMargin: 0,\n\t\t\t\t\t\tspeed           : 19,\n\t\t\t\t\t\tdir             : \"h\",\n\t\t\t\t\t\tparallaxMode    : 'swipe',\n\t\t\t\t\t\tview            : \"basic\"\n\t\t\t\t});\n\n\t\t\t\t\n\t\t\t\twindow.masterslider_instances = window.masterslider_instances || [];\n\t\t\t\twindow.masterslider_instances.push( masterslider_f3b4 );\n\t\t\t });\n\n\t\t})(jQuery);\n\t\t<\/script>\n\n\n\n\n\n<p><\/p>\n\n\n\n<p>Le Centre Hospitalier Priv\u00e9 La S\u00e9r\u00e9nit\u00e9 met tout en \u0153uvre pour poursuivre la dynamique engag\u00e9e pour garantir les prestations de qualit\u00e9.<\/p>\n","protected":false},"excerpt":{"rendered":"<p>Pr\u00e9sentation de la Clinique La S\u00e9r\u00e9nit\u00e9 Afin d\u2019offrir une r\u00e9ponse adapt\u00e9e, moderne et efficace \u00e0 un besoin de sant\u00e9 croissant, la Clinique a su regroup\u00e9 au sein d&rsquo;un centre unique et dans un cadre tr\u00e8s serein au centre ville les diff\u00e9rentes sp\u00e9cialit\u00e9s et principalement en 2019 la dialyse et la chimioth\u00e9rapie. Cet \u00e9tablissement rassemble des &hellip; <\/p>\n","protected":false},"author":1,"featured_media":0,"parent":0,"menu_order":0,"comment_status":"closed","ping_status":"closed","template":"","meta":{"footnotes":""},"class_list":["post-263","page","type-page","status-publish","hentry"],"_links":{"self":[{"href":"https:\/\/laserenite.mg\/index.php?rest_route=\/wp\/v2\/pages\/263","targetHints":{"allow":["GET"]}}],"collection":[{"href":"https:\/\/laserenite.mg\/index.php?rest_route=\/wp\/v2\/pages"}],"about":[{"href":"https:\/\/laserenite.mg\/index.php?rest_route=\/wp\/v2\/types\/page"}],"author":[{"embeddable":true,"href":"https:\/\/laserenite.mg\/index.php?rest_route=\/wp\/v2\/users\/1"}],"replies":[{"embeddable":true,"href":"https:\/\/laserenite.mg\/index.php?rest_route=%2Fwp%2Fv2%2Fcomments&post=263"}],"version-history":[{"count":0,"href":"https:\/\/laserenite.mg\/index.php?rest_route=\/wp\/v2\/pages\/263\/revisions"}],"wp:attachment":[{"href":"https:\/\/laserenite.mg\/index.php?rest_route=%2Fwp%2Fv2%2Fmedia&parent=263"}],"curies":[{"name":"wp","href":"https:\/\/api.w.org\/{rel}","templated":true}]}}