{"id":273,"date":"2021-08-04T04:33:14","date_gmt":"2021-08-04T04:33:14","guid":{"rendered":"https:\/\/laserenite.mg\/?page_id=273"},"modified":"2021-10-28T12:20:30","modified_gmt":"2021-10-28T12:20:30","slug":"votre-sejour","status":"publish","type":"page","link":"https:\/\/laserenite.mg\/?page_id=273","title":{"rendered":"Votre s\u00e9jour"},"content":{"rendered":"\t\t<div data-elementor-type=\"wp-page\" data-elementor-id=\"273\" class=\"elementor elementor-273\">\n\t\t\t\t\t\t<section class=\"elementor-section elementor-top-section elementor-element elementor-element-a356218 elementor-section-boxed elementor-section-height-default elementor-section-height-default\" data-id=\"a356218\" data-element_type=\"section\" data-e-type=\"section\">\n\t\t\t\t\t\t<div class=\"elementor-container elementor-column-gap-default\">\n\t\t\t\t\t<div class=\"elementor-column elementor-col-100 elementor-top-column elementor-element elementor-element-b3b73ee\" data-id=\"b3b73ee\" data-element_type=\"column\" data-e-type=\"column\">\n\t\t\t<div class=\"elementor-widget-wrap elementor-element-populated\">\n\t\t\t\t\t\t<div class=\"elementor-element elementor-element-78bbe4d elementor-widget elementor-widget-text-editor\" data-id=\"78bbe4d\" data-element_type=\"widget\" data-e-type=\"widget\" data-widget_type=\"text-editor.default\">\n\t\t\t\t<div class=\"elementor-widget-container\">\n\t\t\t\t\t\t\t\t\t<p style=\"text-align: center;\"><span style=\"color: #3366ff;\"><strong><span style=\"font-family: Raleway, sans-serif;\"><span style=\"font-size: 17px;\">Votre admission<\/span><\/span><\/strong><\/span><\/p>\t\t\t\t\t\t\t\t<\/div>\n\t\t\t\t<\/div>\n\t\t\t\t\t<\/div>\n\t\t<\/div>\n\t\t\t\t\t<\/div>\n\t\t<\/section>\n\t\t\t\t<section class=\"elementor-section elementor-top-section elementor-element elementor-element-e03d1a7 elementor-section-boxed elementor-section-height-default elementor-section-height-default\" data-id=\"e03d1a7\" data-element_type=\"section\" data-e-type=\"section\">\n\t\t\t\t\t\t<div class=\"elementor-container elementor-column-gap-default\">\n\t\t\t\t\t<div class=\"elementor-column elementor-col-100 elementor-top-column elementor-element elementor-element-d4ea45f\" data-id=\"d4ea45f\" data-element_type=\"column\" data-e-type=\"column\">\n\t\t\t<div class=\"elementor-widget-wrap elementor-element-populated\">\n\t\t\t\t\t\t<div class=\"elementor-element elementor-element-95d0994 elementor-widget elementor-widget-text-editor\" data-id=\"95d0994\" data-element_type=\"widget\" data-e-type=\"widget\" data-widget_type=\"text-editor.default\">\n\t\t\t\t<div class=\"elementor-widget-container\">\n\t\t\t\t\t\t\t\t\t<p><span style=\"color: #505050; font-family: Raleway, sans-serif; font-size: 17px;\">Le jour de votre admission pensez \u00e0 vous munir de :<br \/><strong>&#8211; Votre pi\u00e8ce d&rsquo;identit\u00e9<\/strong><br \/><strong>&#8211; Tout votre dossier m\u00e9dical<\/strong> <br \/>\u00a0 \u00a0 \u00a0* Examens de laboratoire, radiologie<br \/>\u00a0 \u00a0 \u00a0* Carte de groupe sanguin, traitements en cours<br \/>\u00a0 \u00a0 \u00a0* Votre lettre de prise en charge (en cas de prise en charge par un organisme conventionn\u00e9 avec la clinique)<br \/><strong>&#8211; Vos objets personnels indispensables :<\/strong><br \/>\u00a0 \u00a0 \u00a0* Chemise de nuit ou pyjama<br \/>\u00a0 \u00a0 \u00a0* Pantoufles<br \/>\u00a0 \u00a0 \u00a0* N\u00e9cessaire de toilette : brosse \u00e0 dent, dentifrice, rasoir<br \/>\u00a0 \u00a0 \u00a0* Garnitures et couches \u00e9ventuelles<\/span><\/p>\t\t\t\t\t\t\t\t<\/div>\n\t\t\t\t<\/div>\n\t\t\t\t\t<\/div>\n\t\t<\/div>\n\t\t\t\t\t<\/div>\n\t\t<\/section>\n\t\t\t\t<section class=\"elementor-section elementor-top-section elementor-element elementor-element-89ef079 elementor-section-boxed elementor-section-height-default elementor-section-height-default\" data-id=\"89ef079\" data-element_type=\"section\" data-e-type=\"section\">\n\t\t\t\t\t\t<div class=\"elementor-container elementor-column-gap-default\">\n\t\t\t\t\t<div class=\"elementor-column elementor-col-100 elementor-top-column elementor-element elementor-element-9415c6b\" data-id=\"9415c6b\" data-element_type=\"column\" data-e-type=\"column\">\n\t\t\t<div class=\"elementor-widget-wrap elementor-element-populated\">\n\t\t\t\t\t\t<div class=\"elementor-element elementor-element-1271dc1 elementor-widget elementor-widget-text-editor\" data-id=\"1271dc1\" data-element_type=\"widget\" data-e-type=\"widget\" data-widget_type=\"text-editor.default\">\n\t\t\t\t<div class=\"elementor-widget-container\">\n\t\t\t\t\t\t\t\t\t<p style=\"text-align: center;\"><span style=\"color: #3366ff;\"><strong><span style=\"font-family: Raleway, sans-serif;\"><span style=\"font-size: 17px;\">Durant votre s\u00e9jour<\/span><\/span><\/strong><\/span><\/p>\t\t\t\t\t\t\t\t<\/div>\n\t\t\t\t<\/div>\n\t\t\t\t\t<\/div>\n\t\t<\/div>\n\t\t\t\t\t<\/div>\n\t\t<\/section>\n\t\t\t\t<section class=\"elementor-section elementor-top-section elementor-element elementor-element-6609a99 elementor-section-boxed elementor-section-height-default elementor-section-height-default\" data-id=\"6609a99\" data-element_type=\"section\" data-e-type=\"section\">\n\t\t\t\t\t\t<div class=\"elementor-container elementor-column-gap-default\">\n\t\t\t\t\t<div class=\"elementor-column elementor-col-100 elementor-top-column elementor-element elementor-element-a6e2c3d\" data-id=\"a6e2c3d\" data-element_type=\"column\" data-e-type=\"column\">\n\t\t\t<div class=\"elementor-widget-wrap elementor-element-populated\">\n\t\t\t\t\t\t<div class=\"elementor-element elementor-element-ab8b66d elementor-widget elementor-widget-text-editor\" data-id=\"ab8b66d\" data-element_type=\"widget\" data-e-type=\"widget\" data-widget_type=\"text-editor.default\">\n\t\t\t\t<div class=\"elementor-widget-container\">\n\t\t\t\t\t\t\t\t\t<p style=\"text-align: center;\"><span style=\"color: #505050; font-family: Raleway, sans-serif; font-size: 17px;\">Afin de vivre le plus sereinement possible votre s\u00e9jour au sein de la Clinique La S\u00e9r\u00e9nit\u00e9, veuillez trouver ci-dessous quelques informations qui vous permettront de bien pr\u00e9parer votre future hospitalisation.<\/span><\/p>\t\t\t\t\t\t\t\t<\/div>\n\t\t\t\t<\/div>\n\t\t\t\t\t<\/div>\n\t\t<\/div>\n\t\t\t\t\t<\/div>\n\t\t<\/section>\n\t\t\t\t<section class=\"elementor-section elementor-top-section elementor-element elementor-element-ce3481c elementor-section-boxed elementor-section-height-default elementor-section-height-default\" data-id=\"ce3481c\" data-element_type=\"section\" data-e-type=\"section\">\n\t\t\t\t\t\t<div class=\"elementor-container elementor-column-gap-default\">\n\t\t\t\t\t<div class=\"elementor-column elementor-col-100 elementor-top-column elementor-element elementor-element-bf28fe9\" data-id=\"bf28fe9\" data-element_type=\"column\" data-e-type=\"column\">\n\t\t\t<div class=\"elementor-widget-wrap elementor-element-populated\">\n\t\t\t\t\t\t<div class=\"elementor-element elementor-element-3c6e3a9 elementor-widget elementor-widget-text-editor\" data-id=\"3c6e3a9\" data-element_type=\"widget\" data-e-type=\"widget\" data-widget_type=\"text-editor.default\">\n\t\t\t\t<div class=\"elementor-widget-container\">\n\t\t\t\t\t\t\t\t\t<p style=\"text-align: center;\"><span style=\"color: #3366ff;\"><strong><span style=\"font-family: Raleway, sans-serif;\"><span style=\"font-size: 17px;\">Avant une intervention chirurgicale<\/span><\/span><\/strong><\/span><\/p>\t\t\t\t\t\t\t\t<\/div>\n\t\t\t\t<\/div>\n\t\t\t\t\t<\/div>\n\t\t<\/div>\n\t\t\t\t\t<\/div>\n\t\t<\/section>\n\t\t\t\t<section class=\"elementor-section elementor-top-section elementor-element elementor-element-94e05d8 elementor-section-boxed elementor-section-height-default elementor-section-height-default\" data-id=\"94e05d8\" data-element_type=\"section\" data-e-type=\"section\">\n\t\t\t\t\t\t<div class=\"elementor-container elementor-column-gap-default\">\n\t\t\t\t\t<div class=\"elementor-column elementor-col-100 elementor-top-column elementor-element elementor-element-8d1d6d1\" data-id=\"8d1d6d1\" data-element_type=\"column\" data-e-type=\"column\">\n\t\t\t<div class=\"elementor-widget-wrap elementor-element-populated\">\n\t\t\t\t\t\t<div class=\"elementor-element elementor-element-2b7b566 elementor-widget elementor-widget-text-editor\" data-id=\"2b7b566\" data-element_type=\"widget\" data-e-type=\"widget\" data-widget_type=\"text-editor.default\">\n\t\t\t\t<div class=\"elementor-widget-container\">\n\t\t\t\t\t\t\t\t\t<p style=\"text-align: center;\"><span style=\"color: #505050; font-family: Raleway, sans-serif; font-size: 17px;\">Dans le cadre d&rsquo;une hospitalisation ou d&rsquo;une intervention en ambulatoire, vous devez :<\/span><\/p>\t\t\t\t\t\t\t\t<\/div>\n\t\t\t\t<\/div>\n\t\t\t\t\t<\/div>\n\t\t<\/div>\n\t\t\t\t\t<\/div>\n\t\t<\/section>\n\t\t\t\t<section class=\"elementor-section elementor-top-section elementor-element elementor-element-ef91543 elementor-section-boxed elementor-section-height-default elementor-section-height-default\" data-id=\"ef91543\" data-element_type=\"section\" data-e-type=\"section\">\n\t\t\t\t\t\t<div class=\"elementor-container elementor-column-gap-default\">\n\t\t\t\t\t<div class=\"elementor-column elementor-col-100 elementor-top-column elementor-element elementor-element-e345070\" data-id=\"e345070\" data-element_type=\"column\" data-e-type=\"column\">\n\t\t\t<div class=\"elementor-widget-wrap elementor-element-populated\">\n\t\t\t\t\t\t<div class=\"elementor-element elementor-element-777eb0f elementor-widget elementor-widget-text-editor\" data-id=\"777eb0f\" data-element_type=\"widget\" data-e-type=\"widget\" data-widget_type=\"text-editor.default\">\n\t\t\t\t<div class=\"elementor-widget-container\">\n\t\t\t\t\t\t\t\t\t<ul><li style=\"text-align: center;\">vous laver le corps et les cheveux avec un savon antiseptique la veille et le jour de l&rsquo;intervention,<\/li><li style=\"text-align: center;\">\u00eatre \u00e0 jeun au minimum 6 heures avant l&rsquo;anesth\u00e9sie : ne pas boire, ne pas manger, ne pas mastiquer de chewing-gum, ne pas fumer\u2026 ,<\/li><li style=\"text-align: center;\">ne pas porter de faux ongles, de bijoux ou de piercing,<\/li><li style=\"text-align: center;\">\u00eatre totalement d\u00e9maquill\u00e9e,<\/li><li style=\"text-align: center;\">ne pas mettre de vernis \u00e0 ongles,<\/li><li style=\"text-align: center;\">\u00f4ter vos proth\u00e8ses dentaires,<\/li><\/ul>\t\t\t\t\t\t\t\t<\/div>\n\t\t\t\t<\/div>\n\t\t\t\t\t<\/div>\n\t\t<\/div>\n\t\t\t\t\t<\/div>\n\t\t<\/section>\n\t\t\t\t<section class=\"elementor-section elementor-top-section elementor-element elementor-element-27c021d elementor-section-boxed elementor-section-height-default elementor-section-height-default\" data-id=\"27c021d\" data-element_type=\"section\" data-e-type=\"section\">\n\t\t\t\t\t\t<div class=\"elementor-container elementor-column-gap-default\">\n\t\t\t\t\t<div class=\"elementor-column elementor-col-100 elementor-top-column elementor-element elementor-element-63685c8\" data-id=\"63685c8\" data-element_type=\"column\" data-e-type=\"column\">\n\t\t\t<div class=\"elementor-widget-wrap elementor-element-populated\">\n\t\t\t\t\t\t<div class=\"elementor-element elementor-element-2aad26d elementor-widget elementor-widget-text-editor\" data-id=\"2aad26d\" data-element_type=\"widget\" data-e-type=\"widget\" data-widget_type=\"text-editor.default\">\n\t\t\t\t<div class=\"elementor-widget-container\">\n\t\t\t\t\t\t\t\t\t<p style=\"text-align: center;\"><span style=\"color: #3366ff;\"><strong><span style=\"font-family: Raleway, sans-serif;\"><span style=\"font-size: 17px;\">Traitement personnel<\/span><\/span><\/strong><\/span><\/p>\t\t\t\t\t\t\t\t<\/div>\n\t\t\t\t<\/div>\n\t\t\t\t\t<\/div>\n\t\t<\/div>\n\t\t\t\t\t<\/div>\n\t\t<\/section>\n\t\t\t\t<section class=\"elementor-section elementor-top-section elementor-element elementor-element-b4e0f4e elementor-section-boxed elementor-section-height-default elementor-section-height-default\" data-id=\"b4e0f4e\" data-element_type=\"section\" data-e-type=\"section\">\n\t\t\t\t\t\t<div class=\"elementor-container elementor-column-gap-default\">\n\t\t\t\t\t<div class=\"elementor-column elementor-col-100 elementor-top-column elementor-element elementor-element-a00eff6\" data-id=\"a00eff6\" data-element_type=\"column\" data-e-type=\"column\">\n\t\t\t<div class=\"elementor-widget-wrap elementor-element-populated\">\n\t\t\t\t\t\t<div class=\"elementor-element elementor-element-87ee732 elementor-widget elementor-widget-text-editor\" data-id=\"87ee732\" data-element_type=\"widget\" data-e-type=\"widget\" data-widget_type=\"text-editor.default\">\n\t\t\t\t<div class=\"elementor-widget-container\">\n\t\t\t\t\t\t\t\t\t<p style=\"text-align: center;\"><span style=\"color: #505050; font-family: Raleway, sans-serif; font-size: 17px;\">Il est primordial que vous communiquiez \u00e0 l\u2019infirmi\u00e8re qui vous accueillera dans le service, la liste de tous les m\u00e9dicaments que vous preniez avant votre hospitalisation ou la derni\u00e8re ordonnance de votre m\u00e9decin traitant.<\/span><\/p>\n<p style=\"text-align: center;\"><span style=\"color: #505050; font-family: Raleway, sans-serif; font-size: 17px;\">Si vous avez apport\u00e9 votre traitement personnel, ne le prenez pas de vous-m\u00eame car cela pourrait entra\u00eener des effets ind\u00e9sirables dus \u00e0 des incompatibilit\u00e9s avec le traitement prescrit \u00e0 la clinique : confiez-le plut\u00f4t \u00e0 votre famille ou aux infirmi\u00e8res qui vous le rendront lors de votre sortie ou\u00a0<\/span><span style=\"color: #505050; font-family: Raleway, sans-serif; font-size: 17px;\">parlez-en au m\u00e9decin de la clinique.<\/span><\/p>\n<p style=\"text-align: center;\"><span style=\"color: #505050; font-family: Raleway, sans-serif; font-size: 17px;\">Le m\u00e9decin de la clinique sera peut-\u00eatre appel\u00e9 \u00e0 remplacer vos m\u00e9dicaments habituels par des m\u00e9dicaments g\u00e9n\u00e9riques ou des \u00e9quivalences th\u00e9rapeutiques. Cela n\u2019aura aucune cons\u00e9quence sur la qualit\u00e9 de votre prise en charge.<\/span><\/p>\t\t\t\t\t\t\t\t<\/div>\n\t\t\t\t<\/div>\n\t\t\t\t\t<\/div>\n\t\t<\/div>\n\t\t\t\t\t<\/div>\n\t\t<\/section>\n\t\t\t\t<section class=\"elementor-section elementor-top-section elementor-element elementor-element-d1079db elementor-section-boxed elementor-section-height-default elementor-section-height-default\" data-id=\"d1079db\" data-element_type=\"section\" data-e-type=\"section\">\n\t\t\t\t\t\t<div class=\"elementor-container elementor-column-gap-default\">\n\t\t\t\t\t<div class=\"elementor-column elementor-col-100 elementor-top-column elementor-element elementor-element-a949aa1\" data-id=\"a949aa1\" data-element_type=\"column\" data-e-type=\"column\">\n\t\t\t<div class=\"elementor-widget-wrap elementor-element-populated\">\n\t\t\t\t\t\t<div class=\"elementor-element elementor-element-e279233 elementor-widget elementor-widget-text-editor\" data-id=\"e279233\" data-element_type=\"widget\" data-e-type=\"widget\" data-widget_type=\"text-editor.default\">\n\t\t\t\t<div class=\"elementor-widget-container\">\n\t\t\t\t\t\t\t\t\t<p style=\"text-align: center;\"><span style=\"color: #3366ff;\"><strong><span style=\"font-family: Raleway, sans-serif;\"><span style=\"font-size: 17px;\">Les autorisations de sorties<\/span><\/span><\/strong><\/span><\/p>\t\t\t\t\t\t\t\t<\/div>\n\t\t\t\t<\/div>\n\t\t\t\t\t<\/div>\n\t\t<\/div>\n\t\t\t\t\t<\/div>\n\t\t<\/section>\n\t\t\t\t<section class=\"elementor-section elementor-top-section elementor-element elementor-element-29cb05d elementor-section-boxed elementor-section-height-default elementor-section-height-default\" data-id=\"29cb05d\" data-element_type=\"section\" data-e-type=\"section\">\n\t\t\t\t\t\t<div class=\"elementor-container elementor-column-gap-default\">\n\t\t\t\t\t<div class=\"elementor-column elementor-col-100 elementor-top-column elementor-element elementor-element-bba9498\" data-id=\"bba9498\" data-element_type=\"column\" data-e-type=\"column\">\n\t\t\t<div class=\"elementor-widget-wrap elementor-element-populated\">\n\t\t\t\t\t\t<div class=\"elementor-element elementor-element-d969369 elementor-widget elementor-widget-text-editor\" data-id=\"d969369\" data-element_type=\"widget\" data-e-type=\"widget\" data-widget_type=\"text-editor.default\">\n\t\t\t\t<div class=\"elementor-widget-container\">\n\t\t\t\t\t\t\t\t\t<p style=\"text-align: center;\"><span style=\"color: #505050; font-family: Raleway, sans-serif; font-size: 17px;\">Lors des s\u00e9jours de longue dur\u00e9e, des permissions de sorties de dur\u00e9e limit\u00e9e peuvent vous \u00eatre accord\u00e9es par votre m\u00e9decin ou votre chirurgien. Il vous sera demand\u00e9 de signer une d\u00e9charge de responsabilit\u00e9 : adressez-vous au responsable du service qui vous informera de la proc\u00e9dure \u00e0 suivre. Veuillez noter que le forfait journalier et le suppl\u00e9ment de chambre particuli\u00e8re sont maintenus pendant la dur\u00e9e de votre absence, la chambre vous \u00e9tant r\u00e9serv\u00e9e.<\/span><\/p>\t\t\t\t\t\t\t\t<\/div>\n\t\t\t\t<\/div>\n\t\t\t\t\t<\/div>\n\t\t<\/div>\n\t\t\t\t\t<\/div>\n\t\t<\/section>\n\t\t\t\t<\/div>\n\t\t","protected":false},"excerpt":{"rendered":"<p>Votre admission Le jour de votre admission pensez \u00e0 vous munir de :&#8211; Votre pi\u00e8ce d&rsquo;identit\u00e9&#8211; Tout votre dossier m\u00e9dical \u00a0 \u00a0 \u00a0* Examens de laboratoire, radiologie\u00a0 \u00a0 \u00a0* Carte de groupe sanguin, traitements en cours\u00a0 \u00a0 \u00a0* Votre lettre de prise en charge (en cas de prise en charge par un organisme conventionn\u00e9 avec &hellip; <\/p>\n","protected":false},"author":1,"featured_media":0,"parent":0,"menu_order":0,"comment_status":"closed","ping_status":"closed","template":"","meta":{"footnotes":""},"class_list":["post-273","page","type-page","status-publish","hentry"],"_links":{"self":[{"href":"https:\/\/laserenite.mg\/index.php?rest_route=\/wp\/v2\/pages\/273","targetHints":{"allow":["GET"]}}],"collection":[{"href":"https:\/\/laserenite.mg\/index.php?rest_route=\/wp\/v2\/pages"}],"about":[{"href":"https:\/\/laserenite.mg\/index.php?rest_route=\/wp\/v2\/types\/page"}],"author":[{"embeddable":true,"href":"https:\/\/laserenite.mg\/index.php?rest_route=\/wp\/v2\/users\/1"}],"replies":[{"embeddable":true,"href":"https:\/\/laserenite.mg\/index.php?rest_route=%2Fwp%2Fv2%2Fcomments&post=273"}],"version-history":[{"count":0,"href":"https:\/\/laserenite.mg\/index.php?rest_route=\/wp\/v2\/pages\/273\/revisions"}],"wp:attachment":[{"href":"https:\/\/laserenite.mg\/index.php?rest_route=%2Fwp%2Fv2%2Fmedia&parent=273"}],"curies":[{"name":"wp","href":"https:\/\/api.w.org\/{rel}","templated":true}]}}