{"id":275,"date":"2021-08-04T04:33:14","date_gmt":"2021-08-04T04:33:14","guid":{"rendered":"https:\/\/laserenite.mg\/?page_id=275"},"modified":"2021-10-28T11:08:56","modified_gmt":"2021-10-28T11:08:56","slug":"prestations-hotelieres","status":"publish","type":"page","link":"https:\/\/laserenite.mg\/?page_id=275","title":{"rendered":"Prestations h\u00f4teli\u00e8res"},"content":{"rendered":"\t\t<div data-elementor-type=\"wp-page\" data-elementor-id=\"275\" class=\"elementor elementor-275\">\n\t\t\t\t\t\t<section class=\"elementor-section elementor-top-section elementor-element elementor-element-1b385c1 elementor-section-boxed elementor-section-height-default elementor-section-height-default\" data-id=\"1b385c1\" data-element_type=\"section\" data-e-type=\"section\">\n\t\t\t\t\t\t<div class=\"elementor-container elementor-column-gap-default\">\n\t\t\t\t\t<div class=\"elementor-column elementor-col-100 elementor-top-column elementor-element elementor-element-23793a5\" data-id=\"23793a5\" data-element_type=\"column\" data-e-type=\"column\">\n\t\t\t<div class=\"elementor-widget-wrap elementor-element-populated\">\n\t\t\t\t\t\t<div class=\"elementor-element elementor-element-95e7155 elementor-widget elementor-widget-text-editor\" data-id=\"95e7155\" data-element_type=\"widget\" data-e-type=\"widget\" data-widget_type=\"text-editor.default\">\n\t\t\t\t<div class=\"elementor-widget-container\">\n\t\t\t\t\t\t\t\t\t<p style=\"text-align: center;\"><span style=\"color: #3366ff;\"><strong><span style=\"font-family: Raleway, sans-serif;\"><span style=\"font-size: 17px;\">La restauration<\/span><\/span><\/strong><\/span><\/p>\t\t\t\t\t\t\t\t<\/div>\n\t\t\t\t<\/div>\n\t\t\t\t\t<\/div>\n\t\t<\/div>\n\t\t\t\t\t<\/div>\n\t\t<\/section>\n\t\t\t\t<section class=\"elementor-section elementor-top-section elementor-element elementor-element-b9dd9d2 elementor-section-boxed elementor-section-height-default elementor-section-height-default\" data-id=\"b9dd9d2\" data-element_type=\"section\" data-e-type=\"section\">\n\t\t\t\t\t\t<div class=\"elementor-container elementor-column-gap-default\">\n\t\t\t\t\t<div class=\"elementor-column elementor-col-100 elementor-top-column elementor-element elementor-element-c28f374\" data-id=\"c28f374\" data-element_type=\"column\" data-e-type=\"column\">\n\t\t\t<div class=\"elementor-widget-wrap elementor-element-populated\">\n\t\t\t\t\t\t<div class=\"elementor-element elementor-element-d2bba55 elementor-widget elementor-widget-text-editor\" data-id=\"d2bba55\" data-element_type=\"widget\" data-e-type=\"widget\" data-widget_type=\"text-editor.default\">\n\t\t\t\t<div class=\"elementor-widget-container\">\n\t\t\t\t\t\t\t\t\t<p style=\"text-align: center;\"><span style=\"color: #505050; font-family: Raleway, sans-serif; font-size: 17px;\">Ils vous seront servis matin, midi et soir sur un plateau individuel. Ils sont adapt\u00e9s \u00e0 votre \u00e9tat de sant\u00e9 et correspondent aux exigences normales de qualit\u00e9 et d\u2019\u00e9quilibre. Des menus seront propos\u00e9s \u00e0 votre choix sur avis de notre di\u00e9t\u00e9ticienne suivant les indications de votre m\u00e9decin.<\/span><\/p>\t\t\t\t\t\t\t\t<\/div>\n\t\t\t\t<\/div>\n\t\t\t\t\t<\/div>\n\t\t<\/div>\n\t\t\t\t\t<\/div>\n\t\t<\/section>\n\t\t\t\t<section class=\"elementor-section elementor-top-section elementor-element elementor-element-96584e4 elementor-section-boxed elementor-section-height-default elementor-section-height-default\" data-id=\"96584e4\" data-element_type=\"section\" data-e-type=\"section\">\n\t\t\t\t\t\t<div class=\"elementor-container elementor-column-gap-default\">\n\t\t\t\t\t<div class=\"elementor-column elementor-col-100 elementor-top-column elementor-element elementor-element-00c0fe0\" data-id=\"00c0fe0\" data-element_type=\"column\" data-e-type=\"column\">\n\t\t\t<div class=\"elementor-widget-wrap elementor-element-populated\">\n\t\t\t\t\t\t<div class=\"elementor-element elementor-element-f72b38c elementor-widget elementor-widget-text-editor\" data-id=\"f72b38c\" data-element_type=\"widget\" data-e-type=\"widget\" data-widget_type=\"text-editor.default\">\n\t\t\t\t<div class=\"elementor-widget-container\">\n\t\t\t\t\t\t\t\t\t<p style=\"text-align: center;\"><span style=\"color: #505050; font-family: Raleway, sans-serif; font-size: 17px;\">Horaires des repas :<\/span><\/p>\t\t\t\t\t\t\t\t<\/div>\n\t\t\t\t<\/div>\n\t\t\t\t\t<\/div>\n\t\t<\/div>\n\t\t\t\t\t<\/div>\n\t\t<\/section>\n\t\t\t\t<section class=\"elementor-section elementor-top-section elementor-element elementor-element-22c41fe elementor-section-boxed elementor-section-height-default elementor-section-height-default\" data-id=\"22c41fe\" data-element_type=\"section\" data-e-type=\"section\">\n\t\t\t\t\t\t<div class=\"elementor-container elementor-column-gap-default\">\n\t\t\t\t\t<div class=\"elementor-column elementor-col-100 elementor-top-column elementor-element elementor-element-33ae062\" data-id=\"33ae062\" data-element_type=\"column\" data-e-type=\"column\">\n\t\t\t<div class=\"elementor-widget-wrap elementor-element-populated\">\n\t\t\t\t\t\t<div class=\"elementor-element elementor-element-1468140 elementor-widget elementor-widget-text-editor\" data-id=\"1468140\" data-element_type=\"widget\" data-e-type=\"widget\" data-widget_type=\"text-editor.default\">\n\t\t\t\t<div class=\"elementor-widget-container\">\n\t\t\t\t\t\t\t\t\t<ul><li style=\"text-align: center;\"><span style=\"color: #505050; font-family: Raleway, sans-serif; font-size: 17px;\">Petit-d\u00e9jeuner : \u00e0 partir de 7h30.<\/span><\/li><li style=\"text-align: center;\"><span style=\"color: #505050; font-family: Raleway, sans-serif; font-size: 17px;\">\u00a0<\/span>D\u00e9jeuner : \u00e0 partir de 12h15.<\/li><li style=\"text-align: center;\"><span style=\"color: #000000; font-family: proxima-nova, Helvetica; font-size: 16px; text-align: start;\">D\u00eener : \u00e0 partir de 18h15.<\/span><\/li><\/ul>\t\t\t\t\t\t\t\t<\/div>\n\t\t\t\t<\/div>\n\t\t\t\t\t<\/div>\n\t\t<\/div>\n\t\t\t\t\t<\/div>\n\t\t<\/section>\n\t\t\t\t<section class=\"elementor-section elementor-top-section elementor-element elementor-element-4e4db5f elementor-section-boxed elementor-section-height-default elementor-section-height-default\" data-id=\"4e4db5f\" data-element_type=\"section\" data-e-type=\"section\">\n\t\t\t\t\t\t<div class=\"elementor-container elementor-column-gap-default\">\n\t\t\t\t\t<div class=\"elementor-column elementor-col-100 elementor-top-column elementor-element elementor-element-96d28ef\" data-id=\"96d28ef\" data-element_type=\"column\" data-e-type=\"column\">\n\t\t\t<div class=\"elementor-widget-wrap elementor-element-populated\">\n\t\t\t\t\t\t<div class=\"elementor-element elementor-element-81812ab elementor-widget elementor-widget-text-editor\" data-id=\"81812ab\" data-element_type=\"widget\" data-e-type=\"widget\" data-widget_type=\"text-editor.default\">\n\t\t\t\t<div class=\"elementor-widget-container\">\n\t\t\t\t\t\t\t\t\t<p style=\"text-align: center;\"><span style=\"color: #505050; font-family: Raleway, sans-serif; font-size: 17px;\">Vos proches et vos visiteurs sont les bienvenus au sein de la clinique La S\u00e9r\u00e9nit\u00e9. Afin qu&rsquo;ils puissent se restaurer au cours de leur visite, plusieurs possibilit\u00e9s s&rsquo;offrent \u00e0 eux.<\/span><\/p>\t\t\t\t\t\t\t\t<\/div>\n\t\t\t\t<\/div>\n\t\t\t\t\t<\/div>\n\t\t<\/div>\n\t\t\t\t\t<\/div>\n\t\t<\/section>\n\t\t\t\t<\/div>\n\t\t","protected":false},"excerpt":{"rendered":"<p>La restauration Ils vous seront servis matin, midi et soir sur un plateau individuel. Ils sont adapt\u00e9s \u00e0 votre \u00e9tat de sant\u00e9 et correspondent aux exigences normales de qualit\u00e9 et d\u2019\u00e9quilibre. Des menus seront propos\u00e9s \u00e0 votre choix sur avis de notre di\u00e9t\u00e9ticienne suivant les indications de votre m\u00e9decin. Horaires des repas : Petit-d\u00e9jeuner : &hellip; <\/p>\n","protected":false},"author":1,"featured_media":0,"parent":0,"menu_order":0,"comment_status":"closed","ping_status":"closed","template":"","meta":{"footnotes":""},"class_list":["post-275","page","type-page","status-publish","hentry"],"_links":{"self":[{"href":"https:\/\/laserenite.mg\/index.php?rest_route=\/wp\/v2\/pages\/275","targetHints":{"allow":["GET"]}}],"collection":[{"href":"https:\/\/laserenite.mg\/index.php?rest_route=\/wp\/v2\/pages"}],"about":[{"href":"https:\/\/laserenite.mg\/index.php?rest_route=\/wp\/v2\/types\/page"}],"author":[{"embeddable":true,"href":"https:\/\/laserenite.mg\/index.php?rest_route=\/wp\/v2\/users\/1"}],"replies":[{"embeddable":true,"href":"https:\/\/laserenite.mg\/index.php?rest_route=%2Fwp%2Fv2%2Fcomments&post=275"}],"version-history":[{"count":0,"href":"https:\/\/laserenite.mg\/index.php?rest_route=\/wp\/v2\/pages\/275\/revisions"}],"wp:attachment":[{"href":"https:\/\/laserenite.mg\/index.php?rest_route=%2Fwp%2Fv2%2Fmedia&parent=275"}],"curies":[{"name":"wp","href":"https:\/\/api.w.org\/{rel}","templated":true}]}}