{"id":276,"date":"2021-08-04T04:33:14","date_gmt":"2021-08-04T04:33:14","guid":{"rendered":"https:\/\/laserenite.mg\/?page_id=276"},"modified":"2021-10-28T11:47:13","modified_gmt":"2021-10-28T11:47:13","slug":"qualites-et-valeurs","status":"publish","type":"page","link":"https:\/\/laserenite.mg\/?page_id=276","title":{"rendered":"Qualit\u00e9s et valeurs"},"content":{"rendered":"\t\t<div data-elementor-type=\"wp-page\" data-elementor-id=\"276\" class=\"elementor elementor-276\">\n\t\t\t\t\t\t<section class=\"elementor-section elementor-top-section elementor-element elementor-element-9d9f7f7 elementor-section-boxed elementor-section-height-default elementor-section-height-default\" data-id=\"9d9f7f7\" data-element_type=\"section\" data-e-type=\"section\">\n\t\t\t\t\t\t<div class=\"elementor-container elementor-column-gap-default\">\n\t\t\t\t\t<div class=\"elementor-column elementor-col-100 elementor-top-column elementor-element elementor-element-21cd5f1\" data-id=\"21cd5f1\" data-element_type=\"column\" data-e-type=\"column\">\n\t\t\t<div class=\"elementor-widget-wrap elementor-element-populated\">\n\t\t\t\t\t\t<div class=\"elementor-element elementor-element-9f8a7e4 elementor-widget elementor-widget-heading\" data-id=\"9f8a7e4\" data-element_type=\"widget\" data-e-type=\"widget\" data-widget_type=\"heading.default\">\n\t\t\t\t<div class=\"elementor-widget-container\">\n\t\t\t\t\t<h5 class=\"elementor-heading-title elementor-size-default\">SATISFACTION DES PATIENTS<\/h5>\t\t\t\t<\/div>\n\t\t\t\t<\/div>\n\t\t\t\t\t<\/div>\n\t\t<\/div>\n\t\t\t\t\t<\/div>\n\t\t<\/section>\n\t\t\t\t<section class=\"elementor-section elementor-top-section elementor-element elementor-element-5001b93 elementor-section-boxed elementor-section-height-default elementor-section-height-default\" data-id=\"5001b93\" data-element_type=\"section\" data-e-type=\"section\">\n\t\t\t\t\t\t<div class=\"elementor-container elementor-column-gap-default\">\n\t\t\t\t\t<div class=\"elementor-column elementor-col-100 elementor-top-column elementor-element elementor-element-9b3c5a7\" data-id=\"9b3c5a7\" data-element_type=\"column\" data-e-type=\"column\">\n\t\t\t<div class=\"elementor-widget-wrap elementor-element-populated\">\n\t\t\t\t\t\t<div class=\"elementor-element elementor-element-ad3a74c elementor-widget elementor-widget-text-editor\" data-id=\"ad3a74c\" data-element_type=\"widget\" data-e-type=\"widget\" data-widget_type=\"text-editor.default\">\n\t\t\t\t<div class=\"elementor-widget-container\">\n\t\t\t\t\t\t\t\t\t<p style=\"text-align: center;\">Votre participation au travers du questionnaire satisfaction patient remis \u00e0 la sortie, contribue \u00e0 d\u00e9finir notre politique qualit\u00e9 et \u00e0 am\u00e9liorer les services apport\u00e9s aux patients. Ces questionnaires sont distribu\u00e9s sur les plateaux repars en fin de s\u00e9jours.<\/p><p style=\"text-align: center;\">De plus, r\u00e9guli\u00e8rement, certaines enqu\u00eates cibl\u00e9es sont r\u00e9alis\u00e9es (par exemple : la qualit\u00e9 de la prise en charge, la restauration&#8230;).<\/p><p style=\"text-align: center;\">Les r\u00e9sultats de ces enqu\u00eates sont trait\u00e9s par notre service qualit\u00e9 qui diffuse les r\u00e9sultats aupr\u00e8s de tous les professionnels de la clinique et par le biais de l&rsquo;affichage pour le public.<\/p>\t\t\t\t\t\t\t\t<\/div>\n\t\t\t\t<\/div>\n\t\t\t\t\t<\/div>\n\t\t<\/div>\n\t\t\t\t\t<\/div>\n\t\t<\/section>\n\t\t\t\t<section class=\"elementor-section elementor-top-section elementor-element elementor-element-3ed7367 elementor-section-boxed elementor-section-height-default elementor-section-height-default\" data-id=\"3ed7367\" data-element_type=\"section\" data-e-type=\"section\">\n\t\t\t\t\t\t<div class=\"elementor-container elementor-column-gap-default\">\n\t\t\t\t\t<div class=\"elementor-column elementor-col-100 elementor-top-column elementor-element elementor-element-1388a90\" data-id=\"1388a90\" data-element_type=\"column\" data-e-type=\"column\">\n\t\t\t<div class=\"elementor-widget-wrap elementor-element-populated\">\n\t\t\t\t\t\t<div class=\"elementor-element elementor-element-de0581e elementor-widget elementor-widget-heading\" data-id=\"de0581e\" data-element_type=\"widget\" data-e-type=\"widget\" data-widget_type=\"heading.default\">\n\t\t\t\t<div class=\"elementor-widget-container\">\n\t\t\t\t\t<h5 class=\"elementor-heading-title elementor-size-default\">GESTION DU RISQUE INFECTIEUX<\/h5>\t\t\t\t<\/div>\n\t\t\t\t<\/div>\n\t\t\t\t\t<\/div>\n\t\t<\/div>\n\t\t\t\t\t<\/div>\n\t\t<\/section>\n\t\t\t\t<section class=\"elementor-section elementor-top-section elementor-element elementor-element-6ddeb1a elementor-section-boxed elementor-section-height-default elementor-section-height-default\" data-id=\"6ddeb1a\" data-element_type=\"section\" data-e-type=\"section\">\n\t\t\t\t\t\t<div class=\"elementor-container elementor-column-gap-default\">\n\t\t\t\t\t<div class=\"elementor-column elementor-col-100 elementor-top-column elementor-element elementor-element-4cdd9b7\" data-id=\"4cdd9b7\" data-element_type=\"column\" data-e-type=\"column\">\n\t\t\t<div class=\"elementor-widget-wrap elementor-element-populated\">\n\t\t\t\t\t\t<div class=\"elementor-element elementor-element-8846f95 elementor-widget elementor-widget-text-editor\" data-id=\"8846f95\" data-element_type=\"widget\" data-e-type=\"widget\" data-widget_type=\"text-editor.default\">\n\t\t\t\t<div class=\"elementor-widget-container\">\n\t\t\t\t\t\t\t\t\t<p style=\"text-align: center;\">La Clinique La S\u00e9r\u00e9nit\u00e9 s\u2019est engag\u00e9 depuis sa cr\u00e9ation dans la lutte contre les Infections Associ\u00e9es aux Soins.<\/p>\n<p style=\"text-align: center;\">Il s&rsquo;agit des actions de formation du personnel en mati\u00e8re d\u2019hygi\u00e8ne et de politique de surveillance des infections et pr\u00e9vention du risque infectieux. Ceci passe notamment par la r\u00e9alisation d\u2019enqu\u00eates \u00e9pid\u00e9miologiques pour lesquelles votre participation peut parfois \u00eatre sollicit\u00e9e.<\/p>\t\t\t\t\t\t\t\t<\/div>\n\t\t\t\t<\/div>\n\t\t\t\t\t<\/div>\n\t\t<\/div>\n\t\t\t\t\t<\/div>\n\t\t<\/section>\n\t\t\t\t<section class=\"elementor-section elementor-top-section elementor-element elementor-element-46b49fe elementor-section-boxed elementor-section-height-default elementor-section-height-default\" data-id=\"46b49fe\" data-element_type=\"section\" data-e-type=\"section\">\n\t\t\t\t\t\t<div class=\"elementor-container elementor-column-gap-default\">\n\t\t\t\t\t<div class=\"elementor-column elementor-col-100 elementor-top-column elementor-element elementor-element-3d0668b\" data-id=\"3d0668b\" data-element_type=\"column\" data-e-type=\"column\">\n\t\t\t<div class=\"elementor-widget-wrap elementor-element-populated\">\n\t\t\t\t\t\t<div class=\"elementor-element elementor-element-f7a5831 elementor-widget elementor-widget-heading\" data-id=\"f7a5831\" data-element_type=\"widget\" data-e-type=\"widget\" data-widget_type=\"heading.default\">\n\t\t\t\t<div class=\"elementor-widget-container\">\n\t\t\t\t\t<h6 class=\"elementor-heading-title elementor-size-default\">QUELQUES CONSEILS D\u2019HYGI\u00c8NE \u00c0 SUIVRE AVANT VOTRE INTERVENTION :<\/h6>\t\t\t\t<\/div>\n\t\t\t\t<\/div>\n\t\t\t\t\t<\/div>\n\t\t<\/div>\n\t\t\t\t\t<\/div>\n\t\t<\/section>\n\t\t\t\t<section class=\"elementor-section elementor-top-section elementor-element elementor-element-6f8bb23 elementor-section-boxed elementor-section-height-default elementor-section-height-default\" data-id=\"6f8bb23\" data-element_type=\"section\" data-e-type=\"section\">\n\t\t\t\t\t\t<div class=\"elementor-container elementor-column-gap-default\">\n\t\t\t\t\t<div class=\"elementor-column elementor-col-100 elementor-top-column elementor-element elementor-element-6970cd5\" data-id=\"6970cd5\" data-element_type=\"column\" data-e-type=\"column\">\n\t\t\t<div class=\"elementor-widget-wrap elementor-element-populated\">\n\t\t\t\t\t\t<div class=\"elementor-element elementor-element-d4e3b3a elementor-widget elementor-widget-text-editor\" data-id=\"d4e3b3a\" data-element_type=\"widget\" data-e-type=\"widget\" data-widget_type=\"text-editor.default\">\n\t\t\t\t<div class=\"elementor-widget-container\">\n\t\t\t\t\t\t\t\t\t<ol>\n<li>La veille de l\u2019intervient, avant de vous coucher, prenez une douche et faites un shampoing. Couchez-vous dans des draps propres.<\/li>\n<li>Le matin de l\u2019intervention, r\u00e9it\u00e9rez la douche, habillez-vous avec des v\u00eatements propres.<\/li>\n<li>Coupez vos ongles courts, des mains et des pieds,<\/li>\n<li>Retirez toute trace de vernis \u00e0 ongle,<\/li>\n<li>Retirez votre alliance, les boucles d\u2019oreilles, les bagues, colliers, chainettes, piercing\u2026Ces bijoux sont une source importante de microbes,<\/li>\n<li>Brossez-vous bien les dents, n\u2019h\u00e9sitez pas \u00e0 faire un bain de bouche.<\/li>\n<\/ol>\t\t\t\t\t\t\t\t<\/div>\n\t\t\t\t<\/div>\n\t\t\t\t\t<\/div>\n\t\t<\/div>\n\t\t\t\t\t<\/div>\n\t\t<\/section>\n\t\t\t\t<\/div>\n\t\t","protected":false},"excerpt":{"rendered":"<p>SATISFACTION DES PATIENTS Votre participation au travers du questionnaire satisfaction patient remis \u00e0 la sortie, contribue \u00e0 d\u00e9finir notre politique qualit\u00e9 et \u00e0 am\u00e9liorer les services apport\u00e9s aux patients. Ces questionnaires sont distribu\u00e9s sur les plateaux repars en fin de s\u00e9jours. De plus, r\u00e9guli\u00e8rement, certaines enqu\u00eates cibl\u00e9es sont r\u00e9alis\u00e9es (par exemple : la qualit\u00e9 de &hellip; <\/p>\n","protected":false},"author":1,"featured_media":0,"parent":0,"menu_order":0,"comment_status":"closed","ping_status":"closed","template":"","meta":{"footnotes":""},"class_list":["post-276","page","type-page","status-publish","hentry"],"_links":{"self":[{"href":"https:\/\/laserenite.mg\/index.php?rest_route=\/wp\/v2\/pages\/276","targetHints":{"allow":["GET"]}}],"collection":[{"href":"https:\/\/laserenite.mg\/index.php?rest_route=\/wp\/v2\/pages"}],"about":[{"href":"https:\/\/laserenite.mg\/index.php?rest_route=\/wp\/v2\/types\/page"}],"author":[{"embeddable":true,"href":"https:\/\/laserenite.mg\/index.php?rest_route=\/wp\/v2\/users\/1"}],"replies":[{"embeddable":true,"href":"https:\/\/laserenite.mg\/index.php?rest_route=%2Fwp%2Fv2%2Fcomments&post=276"}],"version-history":[{"count":0,"href":"https:\/\/laserenite.mg\/index.php?rest_route=\/wp\/v2\/pages\/276\/revisions"}],"wp:attachment":[{"href":"https:\/\/laserenite.mg\/index.php?rest_route=%2Fwp%2Fv2%2Fmedia&parent=276"}],"curies":[{"name":"wp","href":"https:\/\/api.w.org\/{rel}","templated":true}]}}