{"id":118,"date":"2021-05-03T16:45:09","date_gmt":"2021-05-03T16:45:09","guid":{"rendered":"https:\/\/laserenite.mg\/telemedecine\/about\/"},"modified":"2021-05-04T14:01:05","modified_gmt":"2021-05-04T14:01:05","slug":"about_clone","status":"publish","type":"page","link":"https:\/\/laserenite.mg\/telemedecine\/about_clone\/","title":{"rendered":"Rapelanoro"},"content":{"rendered":"\n\n\n<h6>Pr. RAPELANORO RABENJA<\/h6>\n\n\n<p>Le Professeur RAPELANORO RABENJA Fahafahantsoa est un Professeur Titulaire de Chaire d&rsquo;Enseignement et de Recherche et ancien Doyen de la Facult\u00e9 de M\u00e9decine d&rsquo;Antananarivo.<\/p><p><br><\/p><p>M\u00e9decin sp\u00e9cialiste en&nbsp;<paragraph>dermatologie g\u00e9n\u00e9rale, dermatologie p\u00e9diatrique, dermato allergologie, pathologies<\/paragraph><span>&nbsp;<\/span><paragraph>sexuellement transmissibles, t\u00e9l\u00e9m\u00e9decine<\/paragraph><\/p><p><paragraph><br><\/paragraph><\/p><p><paragraph>Fondateur de plusieurs Soci\u00e9t\u00e9s Savantes en M\u00e9decine et de Laboratoires de Recherche<\/paragraph><\/p><p><br><\/p><p>Membre de l&rsquo;Acad\u00e9mie de M\u00e9decine de Madagascar<\/p>\n\n\n\n\n\n\n\n\n\n\n<h3>Biographie de nos Sp\u00e9cialistes<\/h3>\n\n\n\n\nNeurologie\n\n\n\n\nDermatologie\n\n\n\n\nCardiologie\n\n\n\n\n\n","protected":false},"excerpt":{"rendered":"","protected":false},"author":1,"featured_media":0,"parent":0,"menu_order":0,"comment_status":"closed","ping_status":"closed","template":"","meta":{"pagelayer_contact_templates":[],"_pagelayer_content":"","footnotes":""},"class_list":["post-118","page","type-page","status-publish","hentry"],"jetpack_sharing_enabled":true,"_links":{"self":[{"href":"https:\/\/laserenite.mg\/telemedecine\/wp-json\/wp\/v2\/pages\/118","targetHints":{"allow":["GET"]}}],"collection":[{"href":"https:\/\/laserenite.mg\/telemedecine\/wp-json\/wp\/v2\/pages"}],"about":[{"href":"https:\/\/laserenite.mg\/telemedecine\/wp-json\/wp\/v2\/types\/page"}],"author":[{"embeddable":true,"href":"https:\/\/laserenite.mg\/telemedecine\/wp-json\/wp\/v2\/users\/1"}],"replies":[{"embeddable":true,"href":"https:\/\/laserenite.mg\/telemedecine\/wp-json\/wp\/v2\/comments?post=118"}],"version-history":[{"count":8,"href":"https:\/\/laserenite.mg\/telemedecine\/wp-json\/wp\/v2\/pages\/118\/revisions"}],"predecessor-version":[{"id":164,"href":"https:\/\/laserenite.mg\/telemedecine\/wp-json\/wp\/v2\/pages\/118\/revisions\/164"}],"wp:attachment":[{"href":"https:\/\/laserenite.mg\/telemedecine\/wp-json\/wp\/v2\/media?parent=118"}],"curies":[{"name":"wp","href":"https:\/\/api.w.org\/{rel}","templated":true}]}}