{"id":128,"date":"2021-05-03T16:45:09","date_gmt":"2021-05-03T16:45:09","guid":{"rendered":"https:\/\/laserenite.mg\/telemedecine\/about\/"},"modified":"2021-05-04T14:02:06","modified_gmt":"2021-05-04T14:02:06","slug":"about_clone_clone","status":"publish","type":"page","link":"https:\/\/laserenite.mg\/telemedecine\/about_clone_clone\/","title":{"rendered":"Tehindrazanariveo"},"content":{"rendered":"\n\n<h6>Pr. TEHINDRAZANARIVELO<\/h6>\n<p>Le Professeur TEHINDRAZANARIVELO Alain Djacob est un Professeur Titulaire de Chaire d&rsquo;Enseignement et de Recherche et ancien Vice-Premier Ministre et Ancien Ambassadeur de Madagascar.<\/p><p><br><\/p><p>M\u00e9decin sp\u00e9cialiste en Neurologie et fondateur de plusieurs Soci\u00e9t\u00e9s Savantes en M\u00e9decine et de Laboratoires de Recherche<\/p><p><br><\/p><p>Membre de l&rsquo;Acad\u00e9mie de M\u00e9decine de Madagascar<\/p>\n\n\nn\n\n\n\n\n\n<h3>Biographie de nos Sp\u00e9cialistes<\/h3>\n\n\n\n\nNeurologie\n\n\n\n\nDermatologie\n\n\n\n\nCardiologie\n\n\n\n\n\n","protected":false},"excerpt":{"rendered":"","protected":false},"author":1,"featured_media":0,"parent":0,"menu_order":0,"comment_status":"closed","ping_status":"closed","template":"","meta":{"pagelayer_contact_templates":[],"_pagelayer_content":"","footnotes":""},"class_list":["post-128","page","type-page","status-publish","hentry"],"jetpack_sharing_enabled":true,"_links":{"self":[{"href":"https:\/\/laserenite.mg\/telemedecine\/wp-json\/wp\/v2\/pages\/128","targetHints":{"allow":["GET"]}}],"collection":[{"href":"https:\/\/laserenite.mg\/telemedecine\/wp-json\/wp\/v2\/pages"}],"about":[{"href":"https:\/\/laserenite.mg\/telemedecine\/wp-json\/wp\/v2\/types\/page"}],"author":[{"embeddable":true,"href":"https:\/\/laserenite.mg\/telemedecine\/wp-json\/wp\/v2\/users\/1"}],"replies":[{"embeddable":true,"href":"https:\/\/laserenite.mg\/telemedecine\/wp-json\/wp\/v2\/comments?post=128"}],"version-history":[{"count":7,"href":"https:\/\/laserenite.mg\/telemedecine\/wp-json\/wp\/v2\/pages\/128\/revisions"}],"predecessor-version":[{"id":167,"href":"https:\/\/laserenite.mg\/telemedecine\/wp-json\/wp\/v2\/pages\/128\/revisions\/167"}],"wp:attachment":[{"href":"https:\/\/laserenite.mg\/telemedecine\/wp-json\/wp\/v2\/media?parent=128"}],"curies":[{"name":"wp","href":"https:\/\/api.w.org\/{rel}","templated":true}]}}