{"id":137,"date":"2021-05-03T16:45:09","date_gmt":"2021-05-03T16:45:09","guid":{"rendered":"https:\/\/laserenite.mg\/telemedecine\/about\/"},"modified":"2021-05-04T14:00:03","modified_gmt":"2021-05-04T14:00:03","slug":"about_clone_clone-2","status":"publish","type":"page","link":"https:\/\/laserenite.mg\/telemedecine\/about_clone_clone-2\/","title":{"rendered":"Rakotoarimanana"},"content":{"rendered":"\n\n<h6>Pr. RAKOTOARIMANANA<\/h6>\n<p>Le Professeur RAKOTOARIMANANA Solofonirina est un Professeur Titulaire de Chaire d&rsquo;Enseignement et de Recherche \u00e0 la Facult\u00e9 de M\u00e9decine d&rsquo;Antananarivo.<\/p><p><br><\/p><p>M\u00e9decin sp\u00e9cialiste en Cardiologie<\/p><p><paragraph><br><\/paragraph><\/p><p>Auteur de nombreuses publications de recherche scientifique en Cardiologie<\/p>\n\n\nn\n\n\n\n\n\n<h3>Biographie de nos Sp\u00e9cialistes<\/h3>\n\n\n\n\nNeurologie\n\n\n\n\nDermatologie\n\n\n\n\nCardiologie\n\n\n\n\n\n","protected":false},"excerpt":{"rendered":"","protected":false},"author":1,"featured_media":0,"parent":0,"menu_order":0,"comment_status":"closed","ping_status":"closed","template":"","meta":{"pagelayer_contact_templates":[],"_pagelayer_content":"","footnotes":""},"class_list":["post-137","page","type-page","status-publish","hentry"],"jetpack_sharing_enabled":true,"_links":{"self":[{"href":"https:\/\/laserenite.mg\/telemedecine\/wp-json\/wp\/v2\/pages\/137","targetHints":{"allow":["GET"]}}],"collection":[{"href":"https:\/\/laserenite.mg\/telemedecine\/wp-json\/wp\/v2\/pages"}],"about":[{"href":"https:\/\/laserenite.mg\/telemedecine\/wp-json\/wp\/v2\/types\/page"}],"author":[{"embeddable":true,"href":"https:\/\/laserenite.mg\/telemedecine\/wp-json\/wp\/v2\/users\/1"}],"replies":[{"embeddable":true,"href":"https:\/\/laserenite.mg\/telemedecine\/wp-json\/wp\/v2\/comments?post=137"}],"version-history":[{"count":5,"href":"https:\/\/laserenite.mg\/telemedecine\/wp-json\/wp\/v2\/pages\/137\/revisions"}],"predecessor-version":[{"id":161,"href":"https:\/\/laserenite.mg\/telemedecine\/wp-json\/wp\/v2\/pages\/137\/revisions\/161"}],"wp:attachment":[{"href":"https:\/\/laserenite.mg\/telemedecine\/wp-json\/wp\/v2\/media?parent=137"}],"curies":[{"name":"wp","href":"https:\/\/api.w.org\/{rel}","templated":true}]}}