{"id":231,"date":"2021-06-02T11:42:36","date_gmt":"2021-06-02T11:42:36","guid":{"rendered":"https:\/\/laserenite.mg\/telemedecine\/?page_id=231"},"modified":"2021-06-08T18:52:41","modified_gmt":"2021-06-08T18:52:41","slug":"mentions-legales","status":"publish","type":"page","link":"https:\/\/laserenite.mg\/telemedecine\/mentions-legales\/","title":{"rendered":"Mentions l\u00e9gales"},"content":{"rendered":"\n\n\n<h4>Mentions L\u00e9gales<\/h4>\n\n\n\n\n<p align=\"left\" style=\"color: rgb(51, 51, 51); font-family: &quot;Open Sans&quot;, sans-serif; font-size: 14px; padding: 10px;\"><span style=\"color: rgb(0, 0, 0); font-family: Raleway; font-size: 16px; text-align: justify;\">Ce Site appartient exclusivement \u00e0 la Clinique S\u00e9r\u00e9nit\u00e9, sise \u00e0 Mananjara Antananarivo Madagascar. Toute reproduction partielle ou compl\u00e8te est interdite sans l&rsquo;autorisation \u00e9crite et l\u00e9gale de son propri\u00e9taire.<br><br><\/span><\/p><p style=\"text-align: justify;\">Ce site est destin\u00e9e \u00e0 encourager , et non \u00e0 remplacer, en n&rsquo;aucun cas, les relations existantes entre patient et m\u00e9decin.<\/p><br><p style=\"text-align: justify;\"><br>Ce site utilise un formulaire s\u00e9curis\u00e9 de t\u00e9l\u00e9consultation. Les informations personnelles concernant les patients y compris leur identit\u00e9, sont confidentielles. La S\u00e9r\u00e9nit\u00e9 s&rsquo;engage sur l&rsquo;honneur \u00e0 respecter les conditions l\u00e9gales de confidentialit\u00e9 des informations m\u00e9dicales applicables \u00e0 Madagascar.<br><\/p><p align=\"left\" style=\"color: rgb(51, 51, 51); font-family: &quot;Open Sans&quot;, sans-serif; font-size: 14px; padding: 10px;\"><span><br><\/span><\/p><p style=\"text-align: justify;\">Ce site ne diffuse que des informations de service m\u00e9dical et de sant\u00e9 en lien avec la t\u00e9l\u00e9m\u00e9decine g\u00e9r\u00e9e par la Clinique S\u00e9r\u00e9nit\u00e9.<\/p><p style=\"text-align: justify;\"><br><\/p><p style=\"text-align: justify;\">Ce site est enti\u00e8rement financ\u00e9 par son propri\u00e9taire.&nbsp;<br><\/p>\n\n\n\n<span style=\"text-align: justify;\"><br><\/span><span style=\"text-align: justify;\"><br><\/span><span style=\"text-align: justify;\"><br><\/span><p><span style=\"text-align: justify;\"><em style=\"font-size: 12px;\"><strong style=\"font-size: 14px;\">Les Services sont payants au moyen d&rsquo;un syst\u00e8me s\u00e9curis\u00e9 par Paypal, MVola ou directement aupr\u00e8s de notre si\u00e8ge \u00e0 Mahatazana Antananarivo, Madagascar.<\/strong><\/em><\/span><br><\/p>\n\n\n\n","protected":false},"excerpt":{"rendered":"","protected":false},"author":1,"featured_media":0,"parent":0,"menu_order":0,"comment_status":"closed","ping_status":"closed","template":"","meta":{"pagelayer_contact_templates":[],"_pagelayer_content":"","footnotes":""},"class_list":["post-231","page","type-page","status-publish","hentry"],"jetpack_sharing_enabled":true,"_links":{"self":[{"href":"https:\/\/laserenite.mg\/telemedecine\/wp-json\/wp\/v2\/pages\/231","targetHints":{"allow":["GET"]}}],"collection":[{"href":"https:\/\/laserenite.mg\/telemedecine\/wp-json\/wp\/v2\/pages"}],"about":[{"href":"https:\/\/laserenite.mg\/telemedecine\/wp-json\/wp\/v2\/types\/page"}],"author":[{"embeddable":true,"href":"https:\/\/laserenite.mg\/telemedecine\/wp-json\/wp\/v2\/users\/1"}],"replies":[{"embeddable":true,"href":"https:\/\/laserenite.mg\/telemedecine\/wp-json\/wp\/v2\/comments?post=231"}],"version-history":[{"count":9,"href":"https:\/\/laserenite.mg\/telemedecine\/wp-json\/wp\/v2\/pages\/231\/revisions"}],"predecessor-version":[{"id":264,"href":"https:\/\/laserenite.mg\/telemedecine\/wp-json\/wp\/v2\/pages\/231\/revisions\/264"}],"wp:attachment":[{"href":"https:\/\/laserenite.mg\/telemedecine\/wp-json\/wp\/v2\/media?parent=231"}],"curies":[{"name":"wp","href":"https:\/\/api.w.org\/{rel}","templated":true}]}}