{"id":27,"date":"2021-05-03T16:45:09","date_gmt":"2021-05-03T16:45:09","guid":{"rendered":"https:\/\/laserenite.mg\/telemedecine\/about\/"},"modified":"2021-06-01T15:37:15","modified_gmt":"2021-06-01T15:37:15","slug":"about","status":"publish","type":"page","link":"https:\/\/laserenite.mg\/telemedecine\/about\/","title":{"rendered":"A propos"},"content":{"rendered":"\n\n\n<h2>A propos de nous<\/h2>\n<p>La Clinique S\u00e9r\u00e9nit\u00e9 est un Centre M\u00e9dical Priv\u00e9 sis \u00e0 Mananjara, Mahatazana Antananarivo.<\/p><p>Le Service de T\u00e9l\u00e9consultation n\u00e9cessite un \u00e9change s\u00e9curis\u00e9 de donn\u00e9es cliniques et paracliniques afin de poser un diagnostic et proposer un traitement. Si le Patient ne dispose pas d&rsquo;\u00e9quipement ad\u00e9quat pour capturer les informations demand\u00e9es, il peut se d\u00e9placer \u00e0 la Clinique.&nbsp;<\/p><p>Le Proc\u00e9d\u00e9 est simple: Selon le M\u00e9decin et la Sp\u00e9cialit\u00e9 qui vous int\u00e9resse, cliquez sur Acc\u00e9der et r\u00e9pondre aux questionnaires demand\u00e9s, ensuite proc\u00e9dez au paiement s\u00e9curis\u00e9 et consultez les instructions par email.<\/p>\n\n\n\n\n\n\n\n\n<h3>Biographie de nos Sp\u00e9cialistes<\/h3>\n\n\nNeurologie\n\n\nDermatologie\n\n\nCardiologie\n\n\n\n\n","protected":false},"excerpt":{"rendered":"","protected":false},"author":1,"featured_media":0,"parent":0,"menu_order":0,"comment_status":"closed","ping_status":"closed","template":"","meta":{"pagelayer_contact_templates":[],"_pagelayer_content":"","footnotes":""},"class_list":["post-27","page","type-page","status-publish","hentry"],"jetpack_sharing_enabled":true,"_links":{"self":[{"href":"https:\/\/laserenite.mg\/telemedecine\/wp-json\/wp\/v2\/pages\/27","targetHints":{"allow":["GET"]}}],"collection":[{"href":"https:\/\/laserenite.mg\/telemedecine\/wp-json\/wp\/v2\/pages"}],"about":[{"href":"https:\/\/laserenite.mg\/telemedecine\/wp-json\/wp\/v2\/types\/page"}],"author":[{"embeddable":true,"href":"https:\/\/laserenite.mg\/telemedecine\/wp-json\/wp\/v2\/users\/1"}],"replies":[{"embeddable":true,"href":"https:\/\/laserenite.mg\/telemedecine\/wp-json\/wp\/v2\/comments?post=27"}],"version-history":[{"count":10,"href":"https:\/\/laserenite.mg\/telemedecine\/wp-json\/wp\/v2\/pages\/27\/revisions"}],"predecessor-version":[{"id":225,"href":"https:\/\/laserenite.mg\/telemedecine\/wp-json\/wp\/v2\/pages\/27\/revisions\/225"}],"wp:attachment":[{"href":"https:\/\/laserenite.mg\/telemedecine\/wp-json\/wp\/v2\/media?parent=27"}],"curies":[{"name":"wp","href":"https:\/\/api.w.org\/{rel}","templated":true}]}}