{"id":28,"date":"2021-05-03T16:45:09","date_gmt":"2021-05-03T16:45:09","guid":{"rendered":"https:\/\/laserenite.mg\/telemedecine\/home\/"},"modified":"2022-09-19T11:01:03","modified_gmt":"2022-09-19T11:01:03","slug":"home","status":"publish","type":"page","link":"https:\/\/laserenite.mg\/telemedecine\/","title":{"rendered":"Accueil"},"content":{"rendered":"\n\n\n\n\n\n\n<h3>La t\u00e9l\u00e9consultation sp\u00e9cialis\u00e9e \u00e0 Madagascar<\/h3>\n<h6>Une nouvelle \u00e8re de la pratique m\u00e9dicale malagasy<\/h6>\n\n\n\n\n<p>T\u00e9l\u00e9consultation avec le Professeur TEHINDRAZANARIVELO Alain D.<\/p>\n\n\n<p>T\u00e9l\u00e9consultation avec le Professeur RAPELANORO RABENJA F.<\/p>\n\n\n<p>T\u00e9l\u00e9consultation avec le Professeur RAKOTOARIMANANA Solofonirina<\/p>\n\n\n\n\n<p>T\u00e9l\u00e9consultation avec nos Sp\u00e9cialistes pour des suspi\u00e7ions de COVID-19.<\/p>\n\n\n<p>Service d&rsquo;orientation vers d&rsquo;autres sp\u00e9cialit\u00e9s m\u00e9dicales<\/p>\n\n\n\n\n\n\n<h2>Votre itin\u00e9raire<\/h2>\n<h5>Cliquez sur \u00ab\u00a0Itin\u00e9raires\u00a0\u00bb de la carte pour cr\u00e9er votre itin\u00e9raire<\/h5>\n\n\n<h5>Nos Contacts<\/h5>\n<p style=\"font-size: 16px;\"><span style=\"color: rgb(255, 255, 255); font-size: 18px;\">+261 32 03 243 03 \/ +261 34 17 612 27<\/span><\/p>\n\n\n\nClinique La S\u00e9r\u00e9nit\u00e9\n\n\n\n\n","protected":false},"excerpt":{"rendered":"","protected":false},"author":1,"featured_media":0,"parent":0,"menu_order":0,"comment_status":"closed","ping_status":"closed","template":"","meta":{"pagelayer_contact_templates":[],"_pagelayer_content":"","footnotes":""},"class_list":["post-28","page","type-page","status-publish","hentry"],"jetpack_sharing_enabled":true,"_links":{"self":[{"href":"https:\/\/laserenite.mg\/telemedecine\/wp-json\/wp\/v2\/pages\/28","targetHints":{"allow":["GET"]}}],"collection":[{"href":"https:\/\/laserenite.mg\/telemedecine\/wp-json\/wp\/v2\/pages"}],"about":[{"href":"https:\/\/laserenite.mg\/telemedecine\/wp-json\/wp\/v2\/types\/page"}],"author":[{"embeddable":true,"href":"https:\/\/laserenite.mg\/telemedecine\/wp-json\/wp\/v2\/users\/1"}],"replies":[{"embeddable":true,"href":"https:\/\/laserenite.mg\/telemedecine\/wp-json\/wp\/v2\/comments?post=28"}],"version-history":[{"count":39,"href":"https:\/\/laserenite.mg\/telemedecine\/wp-json\/wp\/v2\/pages\/28\/revisions"}],"predecessor-version":[{"id":351,"href":"https:\/\/laserenite.mg\/telemedecine\/wp-json\/wp\/v2\/pages\/28\/revisions\/351"}],"wp:attachment":[{"href":"https:\/\/laserenite.mg\/telemedecine\/wp-json\/wp\/v2\/media?parent=28"}],"curies":[{"name":"wp","href":"https:\/\/api.w.org\/{rel}","templated":true}]}}