{"id":290,"date":"2022-08-06T08:27:56","date_gmt":"2022-08-06T08:27:56","guid":{"rendered":"https:\/\/laserenite.mg\/telemedecine\/produit\/album\/"},"modified":"2022-09-19T11:52:59","modified_gmt":"2022-09-19T11:52:59","slug":"teleconsultation-dermatologie","status":"publish","type":"product","link":"https:\/\/laserenite.mg\/telemedecine\/produit\/teleconsultation-dermatologie\/","title":{"rendered":"T\u00e9l\u00e9consultation Dermatologie"},"content":{"rendered":"<p>T\u00e9l\u00e9consultation avec le Professeur RAPELANORO RABENJA Fahafahantsoa, Sp\u00e9cialiste en Dermatologie et V\u00e9n\u00e9r\u00e9ologie.<\/p>\n","protected":false},"excerpt":{"rendered":"<p>T\u00e9l\u00e9consultation avec le Professeur RAPELANORO RABENJA Fahafahantsoa, Sp\u00e9cialiste en Dermatologie et V\u00e9n\u00e9r\u00e9ologie. Apr\u00e8s avoir cliqu\u00e9 sur le bouton \u00ab\u00a0Ajouter au panier\u00a0\u00bb ci-dessous, merci de poursuivre et valider votre commande en cliquant sur le bouton \u00ab\u00a0Voir le panier\u00a0\u00bb en haut et \u00e0 droite de votre page. Merci de votre confiance<\/p>\n","protected":false},"featured_media":57,"template":"","meta":{"pagelayer_contact_templates":[],"_pagelayer_content":""},"product_brand":[],"product_cat":[31],"product_tag":[],"class_list":{"0":"post-290","1":"product","2":"type-product","3":"status-publish","4":"has-post-thumbnail","6":"product_cat-consultation","8":"first","9":"instock","10":"downloadable","11":"virtual","12":"purchasable","13":"product-type-simple"},"jetpack_sharing_enabled":true,"_links":{"self":[{"href":"https:\/\/laserenite.mg\/telemedecine\/wp-json\/wp\/v2\/product\/290","targetHints":{"allow":["GET"]}}],"collection":[{"href":"https:\/\/laserenite.mg\/telemedecine\/wp-json\/wp\/v2\/product"}],"about":[{"href":"https:\/\/laserenite.mg\/telemedecine\/wp-json\/wp\/v2\/types\/product"}],"wp:featuredmedia":[{"embeddable":true,"href":"https:\/\/laserenite.mg\/telemedecine\/wp-json\/wp\/v2\/media\/57"}],"wp:attachment":[{"href":"https:\/\/laserenite.mg\/telemedecine\/wp-json\/wp\/v2\/media?parent=290"}],"wp:term":[{"taxonomy":"product_brand","embeddable":true,"href":"https:\/\/laserenite.mg\/telemedecine\/wp-json\/wp\/v2\/product_brand?post=290"},{"taxonomy":"product_cat","embeddable":true,"href":"https:\/\/laserenite.mg\/telemedecine\/wp-json\/wp\/v2\/product_cat?post=290"},{"taxonomy":"product_tag","embeddable":true,"href":"https:\/\/laserenite.mg\/telemedecine\/wp-json\/wp\/v2\/product_tag?post=290"}],"curies":[{"name":"wp","href":"https:\/\/api.w.org\/{rel}","templated":true}]}}