{"id":311,"date":"2022-08-06T19:03:01","date_gmt":"2022-08-06T19:03:01","guid":{"rendered":"https:\/\/laserenite.mg\/telemedecine\/?post_type=product&#038;p=311"},"modified":"2022-09-19T11:54:44","modified_gmt":"2022-09-19T11:54:44","slug":"teleconsultation-cardiologie","status":"publish","type":"product","link":"https:\/\/laserenite.mg\/telemedecine\/produit\/teleconsultation-cardiologie\/","title":{"rendered":"T\u00e9l\u00e9consultation Cardiologie"},"content":{"rendered":"","protected":false},"excerpt":{"rendered":"<p>T\u00e9l\u00e9consultation avec le Professeur RAKOTOARIMANANA Solofonirina, Cardiologue. Apr\u00e8s avoir cliqu\u00e9 sur le bouton \u00ab\u00a0Ajouter au panier\u00a0\u00bb ci-dessous, merci de poursuivre et valider votre commande en cliquant sur le bouton \u00ab\u00a0Voir le panier\u00a0\u00bb en haut et \u00e0 droite de votre page. Merci de votre confiance<\/p>\n","protected":false},"featured_media":59,"template":"","meta":{"pagelayer_contact_templates":[],"_pagelayer_content":""},"product_brand":[],"product_cat":[31],"product_tag":[],"class_list":{"0":"post-311","1":"product","2":"type-product","3":"status-publish","4":"has-post-thumbnail","6":"product_cat-consultation","8":"first","9":"instock","10":"shipping-taxable","11":"purchasable","12":"product-type-simple"},"jetpack_sharing_enabled":true,"_links":{"self":[{"href":"https:\/\/laserenite.mg\/telemedecine\/wp-json\/wp\/v2\/product\/311","targetHints":{"allow":["GET"]}}],"collection":[{"href":"https:\/\/laserenite.mg\/telemedecine\/wp-json\/wp\/v2\/product"}],"about":[{"href":"https:\/\/laserenite.mg\/telemedecine\/wp-json\/wp\/v2\/types\/product"}],"wp:featuredmedia":[{"embeddable":true,"href":"https:\/\/laserenite.mg\/telemedecine\/wp-json\/wp\/v2\/media\/59"}],"wp:attachment":[{"href":"https:\/\/laserenite.mg\/telemedecine\/wp-json\/wp\/v2\/media?parent=311"}],"wp:term":[{"taxonomy":"product_brand","embeddable":true,"href":"https:\/\/laserenite.mg\/telemedecine\/wp-json\/wp\/v2\/product_brand?post=311"},{"taxonomy":"product_cat","embeddable":true,"href":"https:\/\/laserenite.mg\/telemedecine\/wp-json\/wp\/v2\/product_cat?post=311"},{"taxonomy":"product_tag","embeddable":true,"href":"https:\/\/laserenite.mg\/telemedecine\/wp-json\/wp\/v2\/product_tag?post=311"}],"curies":[{"name":"wp","href":"https:\/\/api.w.org\/{rel}","templated":true}]}}